{"id":1519,"date":"2023-11-20T13:39:55","date_gmt":"2023-11-20T18:39:55","guid":{"rendered":"https:\/\/canoekayak.ca\/equipes\/disciplines\/slalom\/"},"modified":"2026-02-25T11:08:28","modified_gmt":"2026-02-25T16:08:28","slug":"slalom","status":"publish","type":"page","link":"https:\/\/canoekayak.ca\/fr\/equipes\/disciplines\/slalom\/","title":{"rendered":"Slalom"},"content":{"rendered":"<div>\n<div>\n<h1>Slalom<\/h1>\n<\/p><\/div>\n<p><!--\/seciton-wrap--><\/p>\n<div><\/div>\n<div><\/div>\n<\/div>\n<p><!--\/section--><\/p>\n<div>\n<div>\n<div>\n<div>\n<h4>Adr\u00e9naline | Force | Strat\u00e9gie<\/h4>\n<p>Le bruit des rapides qui d\u00e9ferlent peut suffire \u00e0 acc\u00e9l\u00e9rer votre rythme cardiaque. Ajoutez \u00e0 cela quelques slalomeurs d\u00e9termin\u00e9s \u00e0 atteindre la ligne d&#8217;arriv\u00e9e le plus rapidement possible et vous obtenez une comp\u00e9tition acharn\u00e9e. Les slalomeurs d\u00e9valent des pentes abruptes, pivotent dans les virages et affrontent d&#8217;\u00e9normes courants pour terminer le parcours le plus rapidement possible. Un parcours standard compte une vingtaine de portes au total, dont des portes vertes en aval et six portes rouges en amont. Le pagayeur doit \u00e9laborer une strat\u00e9gie pour trouver les lignes les plus rapides et utiliser divers coups et man\u0153uvres pour virer rapidement. Le slalom exige une condition physique, une agilit\u00e9 et une technique exceptionnelles. Le bateau, le corps et la t\u00eate des athl\u00e8tes doivent franchir chaque porte afin qu&#8217;ils puissent se baisser et s&#8217;\u00e9tirer pour encha\u00eener les virages serr\u00e9s et gagner un maximum de temps.<\/p>\n<\/p><\/div>\n<\/p><\/div>\n<\/p><\/div>\n<\/div>\n<p><!--\/section--><\/p>\n<div>\n<div>\n<div>\n<div>\n<p>                        Crit\u00e8res de s\u00e9lection                    <\/p>\n<div>\n<div>\n<h4>S\u00c9LECTION DE L\u2019\u00c9QUIPE<\/h4>\n<ul>\n<li>\n<ul>\n<li>Proc\u00e9dures de s\u00e9lection 2026\u00a0<\/li>\n<li>Suppl\u00e9ment de s\u00e9lection pour la Coupe du monde et les Championnats du monde 2026<\/li>\n<li>Suppl\u00e9ment de s\u00e9lection U23 2026\u00a0<\/li>\n<li>Suppl\u00e9ment de s\u00e9lection Junior 2026<\/li>\n<li>Suppl\u00e9ment de s\u00e9lection pour l&#8217;\u00e9quipe d&#8217;entra\u00eenement 2026<\/li>\n<\/ul>\n<\/li>\n<\/ul>\n<p>&nbsp;<\/p>\n<ul>\n<li>Proc\u00e9dures de s\u00e9lection 2025 (publi\u00e9 le 5 mars 2025)<\/li>\n<li>Suppl\u00e9ment de s\u00e9lection pour la Coupe du monde et les Championnats du monde 2025 (publi\u00e9 le 5 mars 2025)<\/li>\n<li>\u00a0Suppl\u00e9ment de s\u00e9lection U23 2025 (publi\u00e9 le 5 mars 2025)<\/li>\n<li>Suppl\u00e9ment de s\u00e9lection Junior 2025 (publi\u00e9 le 5 mars 2025)<\/li>\n<li>Suppl\u00e9ment de s\u00e9lection pour l&#8217;\u00e9quipe d&#8217;entra\u00eenement 2025-26 (publi\u00e9 le 5 mars 2025)<\/li>\n<\/ul>\n<h4>POLITIQUE DU PROGRAMME D\u2019AIDE AUX ATHL\u00c8TES<\/h4>\n<ul>\n<li>Crit\u00e8res de brevet de cano\u00eb slalom 2026-27\u00a0<\/li>\n<li>Crit\u00e8res de brevet de cano\u00eb slalom 2024-25 (le 9 avril 2025)<\/li>\n<\/ul>\n<p>CLASSEMENT NATIONAL<\/p>\n<p>Classement national inter-cat\u00e9gories 2024 (PDF) (publi\u00e9 le 22 sept 2025)<br \/>\nClassement national inter-cat\u00e9gories 2024 (document Excel) (publi\u00e9 le 22 sept 2025)<br \/>\nClassement national inter-cat\u00e9gories 2024 (PDF) (publi\u00e9 le 29 ao\u00fbt 2024)<br \/>\nClassement national inter-cat\u00e9gories 2024 (document Excel) (publi\u00e9 le 29 ao\u00fbt 2024)<br \/>\nClassement national inter-cat\u00e9gories 2023 (publi\u00e9 le 1er novembre 2023)<br \/>\nClassement inter-cat\u00e9gories des s\u00e9lections par \u00e9quipes 2022 (courses 1 \u00e0 4) (publi\u00e9 le 28 septembre 2022)<br \/>\nClassement national inter-cat\u00e9gories de slalom 2019 (courses 1 \u00e0 6) (publi\u00e9 le 30 ao\u00fbt 2019)<\/p>\n<\/p><\/div>\n<\/p><\/div>\n<\/p><\/div>\n<div>\n<p>                        R\u00e8gles de comp\u00e9tition                    <\/p>\n<div>\n<div>\n<p>Directives pour les courses de slalom cadet<\/p>\n<\/p><\/div>\n<\/p><\/div>\n<\/p><\/div>\n<div>\n<p>                        Politiques de l&rsquo;eau vive                    <\/p>\n<div>\n<div>\n<p>Contrat de l&#8217;athl\u00e8te<\/p>\n<p>R\u00e8gles de structure &#8211; Anglais Seulement<\/p>\n<p>S\u00e9curit\u00e9<\/p>\n<p>Protocole sur les commotions c\u00e9r\u00e9brales<\/p>\n<\/p><\/div>\n<\/p><\/div>\n<\/p><\/div>\n<\/p><\/div>\n<\/p><\/div>\n<\/div>\n<p><!--\/section--><\/p>\n<div>\n<div>\n<div>\n<div>\n<h3>\u00c9quipement<\/h3>\n<p>Trois types d\u2019embarcations sont utilis\u00e9es dans les \u00e9preuves de slalom\u00a0: \u00a0le kayak monoplace (K1), le cano\u00eb monoplace (C1) et le cano\u00eb biplace (C2). Les embarcations de slalom n\u2019ont pas de gouvernail; elles sont dirig\u00e9es avec la pagaie et par le transfert de poids de l\u2019athl\u00e8te pour faire virer l\u2019embarcation et fendre l\u2019eau. Les kayakistes utilisent une pagaie \u00e0 double pale et les canoteurs une pagaie \u00e0 une \u00a0pale. En slalom, tous les pagayeurs sont assis dans l\u2019embarcation \u00e9quip\u00e9e d\u2019une jupette \u00e9tanche. Les kayakistes sont assis dans le bateau tandis que les cano\u00e9istes sont \u00e0 genoux. Les casques et les gilets de sauvetage sont des \u00e9quipements de s\u00e9curit\u00e9 importants.<\/p>\n<h3>Comp\u00e9tition<\/h3>\n<p>Dans la ronde de qualification, les athl\u00e8tes font deux descentes et le meilleur temps est utilis\u00e9. Les r\u00e9sultats des demi-finales et des finales sont obtenus \u00e0 la suite d\u2019une seule descente. Toucher une porte avec l\u2019embarcation ou le corps constitue \u00a0une p\u00e9nalit\u00e9 de deux secondes tandis qu\u2019une porte manqu\u00e9e entra\u00eene une p\u00e9nalit\u00e9 de cinquante secondes. Toute la t\u00eate de l\u2019athl\u00e8te doit traverser la porte pour que le mouvement soit accept\u00e9.<\/p>\n<h3>\u00c9preuves<\/h3>\n<p>* Indique une \u00e9preuve olympique\u00a0<\/p>\n<p>* K1 hommes<br \/>\n* K1 femmes<br \/>\n* C1 hommes<br \/>\n*C1\u00a0 femmes<br \/>\nC2 hommes<br \/>\nKayak Cross femmes<br \/>\nKayak Cross hommes<\/p>\n<h3>Termes propres au slalom<\/h3>\n<p>50 \u2013\u00a0 cinquante secondes de p\u00e9nalit\u00e9 pour avoir manqu\u00e9 une porte.<\/p>\n<p>Rapide et sans faute \u2013 L\u2019expression d\u2019une bonne course\u00a0: aucune touche ou p\u00e9nalit\u00e9 et avec un temps rapide.<\/p>\n<p>Portes en aval \/ en amont \u2013 Les portes vers l\u2019aval sont vertes et le pagayeur les traverse dans le sens du courant de la rivi\u00e8re. Les portes vers l\u2019amont sont\u00a0 rouges et le pagayeur doit les traverser \u00e0 contre-courant. Les portes sont num\u00e9rot\u00e9es pour que l\u2019athl\u00e8te les traverse dans l\u2019ordre. Une barre oblique rouge sur un c\u00f4t\u00e9 du num\u00e9ro indique de ne pas entrer dans cette direction.<\/p>\n<p>\u00ab\u00a0eddy\u00a0\u00bb \u2013 un bassin d\u2019eau calme o\u00f9 un pagayeur peut se reposer. C\u2019est g\u00e9n\u00e9ralement sur le c\u00f4t\u00e9 de la rivi\u00e8re ou \u00e0 l\u2019abri d\u2019un rocher ou d\u2019une structure solide en amont. L\u2019expression \u00ab eddy out\u00a0\u00bb signifie quitter le courant pour se reposer.<\/p>\n<p>\u00ab\u00a0Prise de carre\u00a0\u00bb \u2013 Les athl\u00e8tes de slalom utilisent la partie inf\u00e9rieure de leur corps pour faire pivoter leur embarcation. Les c\u00f4t\u00e9s de l\u2019embarcation aident \u00e0 la diriger dans le courant de la m\u00eame fa\u00e7on que\u00a0 les carres des skis et des planches \u00e0 neige le font.<\/p>\n<p>\u00c9claireur \u2013 En comp\u00e9tition slalom, les athl\u00e8tes n\u2019ont pas la chance de tester le parcours une fois qu\u2019il a \u00e9t\u00e9 d\u00e9fini. Des embarcations \u00e9claireur font une descente de d\u00e9monstration afin que les athl\u00e8tes puissent observer et \u00e9laborer des strat\u00e9gies avec leurs entra\u00eeneurs.<\/p>\n<p>PAI \u2013 Puissance, angle, inclinaison. La technique pour traverser la ligne \u00ab\u00a0eddy\u00a0\u00bb n\u00e9cessite de puissants coups de pagaie, orientant l\u2019embarcation vers l\u2019amont\u00a0 et l\u2019inclinant pour pr\u00e9senter le c\u00f4t\u00e9 sup\u00e9rieur face au courant.<\/p>\n<p>Pouss\u00e9e \u2013 Un mouvement o\u00f9 un athl\u00e8te utilise sa pagaie pour pousser un rocher ou la berge du parcours. Une pouss\u00e9e de d\u00e9gagement peut \u00eatre une strat\u00e9gie planifi\u00e9e en vue de faire pivoter l\u2019embarcation rapidement ou une tactique \u00e0 la vol\u00e9e si un athl\u00e8te est trop pr\u00e8s de la rive.<\/p>\n<p>Esquimautage \u2013 L\u2019habilet\u00e9 \u00e0 ramener, \u00a0avec sa pagaie et les mouvements du bas du corps, l\u2019embarcation \u00e0 l\u2019endroit, apr\u00e8s un chavirement, et ce, sans la quitter.<\/p>\n<p>Jupette \u2013\u00a0 Un tissu r\u00e9sistant \u00e0 l\u2019eau ou un autre mat\u00e9riau. En embarcation de slalom, la jupette ne se d\u00e9tache pas quand un pagayeur chavire, \u00e0 moins que le pagayeur ne le fasse intentionnellement.<\/p>\n<p>Pivoter vs garder la direction \u2013 Selon l\u2019endroit o\u00f9 le pagayeur doit se rendre en sortant d\u2019une porte, il peut faire pivoter son embarcation et\u00a0 passer\u00a0 la porte \u00e0 reculons pour \u00eatre en meilleure position vers l\u2019amont. Dans la plupart des cas, le pivotement est consid\u00e9r\u00e9 comme un mouvement plus conservateur pour \u00e9viter le risque d\u2019\u00eatre pouss\u00e9 trop loin en aval. L\u2019autre approche consiste \u00e0 \u00abgarder la direction\u00bb de telle sorte qu\u2019un athl\u00e8te peut conserver plus de vitesse en pagayant vers l\u2019avant, mais il y a\u00a0 risque de d\u00e9passement de la prochaine porte compte tenu de la vitesse du courant.<\/p>\n<p>Touche \u2013 Lorsque le pagayeur touche une porte avec son corps, la pale de sa pagaie ou son embarcation; il en r\u00e9sulte une p\u00e9nalit\u00e9 de deux secondes. Une seule p\u00e9nalit\u00e9 est donn\u00e9e par porte, m\u00eame si le pagayeur touche la porte plusieurs fois.<\/p>\n<p>Sortie mouill\u00e9e \u2013 Quand un pagayeur est incapable d\u2019esquimauter, l\u2019autre option consiste \u00e0 enlever la jupette et \u00e0 sortir de l\u2019embarcation.<\/p>\n<\/p><\/div>\n<\/p><\/div>\n<\/p><\/div>\n<\/div>\n<p><!--\/section--><\/p>\n","protected":false},"excerpt":{"rendered":"<p>Slalom Adr\u00e9naline | Force | Strat\u00e9gie Le bruit des rapides qui d\u00e9ferlent peut suffire \u00e0 acc\u00e9l\u00e9rer votre rythme cardiaque. Ajoutez&#8230;<\/p>\n","protected":false},"author":2,"featured_media":0,"parent":1517,"menu_order":2,"comment_status":"closed","ping_status":"closed","template":"","meta":{"_acf_changed":false,"footnotes":""},"class_list":["post-1519","page","type-page","status-publish","hentry"],"acf":[],"rankMath":{"parentDomain":"canoekayak.ca","noFollowDomains":[],"noFollowExcludeDomains":[],"noFollowExternalLinks":false,"featuredImageNotice":"L\u2019image en vedette devrait \u00eatre au moins 200 par 200 pixels pour \u00eatre utilis\u00e9 par Facebook et d\u2019autres sites de m\u00e9dias sociaux.","pluginReviewed":false,"postSettings":{"linkSuggestions":false,"useFocusKeyword":false},"frontEndScore":false,"postName":"slalom","permalinkFormat":"https:\/\/canoekayak.ca\/fr\/%pagename%\/","showLockModifiedDate":true,"assessor":{"focusKeywordLink":"https:\/\/canoekayak.ca\/wp-admin\/edit.php?focus_keyword=%focus_keyword%&post_type=%post_type%","hasTOCPlugin":false,"primaryTaxonomy":false,"serpData":{"title":"","description":"","focusKeywords":"Slalom,disciplines","pillarContent":false,"canonicalUrl":"","breadcrumbTitle":"","advancedRobots":{"max-snippet":"-1","max-video-preview":"-1","max-image-preview":"large"},"facebookTitle":"","facebookDescription":"","facebookImage":"","facebookImageID":"","facebookHasOverlay":false,"facebookImageOverlay":"","facebookAuthor":"","twitterCardType":"","twitterUseFacebook":true,"twitterTitle":"","twitterDescription":"","twitterImage":"","twitterImageID":"","twitterHasOverlay":false,"twitterImageOverlay":"","twitterPlayerUrl":"","twitterPlayerSize":"","twitterPlayerStream":"","twitterPlayerStreamCtype":"","twitterAppDescription":"","twitterAppIphoneName":"","twitterAppIphoneID":"","twitterAppIphoneUrl":"","twitterAppIpadName":"","twitterAppIpadID":"","twitterAppIpadUrl":"","twitterAppGoogleplayName":"","twitterAppGoogleplayID":"","twitterAppGoogleplayUrl":"","twitterAppCountry":"","robots":{"index":true},"twitterAuthor":"identifiant","primaryTerm":0,"authorName":"epicdesign","titleTemplate":"%title% %sep% %sitename%","descriptionTemplate":"%excerpt%","showScoreFrontend":true,"lockModifiedDate":false},"powerWords":["absolument","amazement","astonishing","authentique","beau","bien-\u00eatre","brillant","captivant","charismatique","choc","clair","compl\u00e8tement","confidentiel","confiance","cons\u00e9quent","cr\u00e9atif","d\u00e9finitivement","d\u00e9licieux","d\u00e9montrer","d\u00e9p\u00eachez-vous","d\u00e9termin\u00e9","digne","dynamique","\u00e9blouissant","\u00e9clatant","\u00e9conomique","\u00e9fficace","\u00e9l\u00e9gant","\u00e9motionnel","\u00e9nergique","\u00e9norme","\u00e9poustouflant","essentiel","\u00e9tonnant","exclusif","exp\u00e9rience","fabuleux","fantastique","formidable","fort","garanti","g\u00e9ant","g\u00e9n\u00e9reux","grandiose","gratuit","habile","harmonieux","historique","hors pair","important","incroyable","indispensable","inoubliable","inspirant","innovant","intense","invention","irr\u00e9sistible","l\u00e9gendaire","lumineux","luxe","magique","magnifique","majestueux","marquant","merveilleux","miraculeux","motivant","n\u00e9cessaire","nouvelle","officiel","parfait","passionn\u00e9","persuasif","ph\u00e9nom\u00e9nal","plaisir","populaire","pouvoir","prestigieux","prodigieux","profond","prosp\u00e8re","puissant","qualit\u00e9","radieux","rapide","r\u00e9ussi","r\u00e9volutionnaire","satisfait","s\u00e9curit\u00e9","sensationnel","serein","somptueux","splendide","sublime","surprenant","talentueux","terrifiant","unique","valeur","vibrant","victorieux","vif","vraiment","z\u00e9l\u00e9"],"diacritics":{"A":"[\\u0041\\u24B6\\uFF21\\u00C0\\u00C1\\u00C2\\u1EA6\\u1EA4\\u1EAA\\u1EA8\\u00C3\\u0100\\u0102\\u1EB0\\u1EAE\\u1EB4\\u1EB2\\u0226\\u01E0\\u00C4\\u01DE\\u1EA2\\u00C5\\u01FA\\u01CD\\u0200\\u0202\\u1EA0\\u1EAC\\u1EB6\\u1E00\\u0104\\u023A\\u2C6F]","AA":"[\\uA732]","AE":"[\\u00C6\\u01FC\\u01E2]","AO":"[\\uA734]","AU":"[\\uA736]","AV":"[\\uA738\\uA73A]","AY":"[\\uA73C]","B":"[\\u0042\\u24B7\\uFF22\\u1E02\\u1E04\\u1E06\\u0243\\u0182\\u0181]","C":"[\\u0043\\u24B8\\uFF23\\u0106\\u0108\\u010A\\u010C\\u00C7\\u1E08\\u0187\\u023B\\uA73E]","D":"[\\u0044\\u24B9\\uFF24\\u1E0A\\u010E\\u1E0C\\u1E10\\u1E12\\u1E0E\\u0110\\u018B\\u018A\\u0189\\uA779]","DZ":"[\\u01F1\\u01C4]","Dz":"[\\u01F2\\u01C5]","E":"[\\u0045\\u24BA\\uFF25\\u00C8\\u00C9\\u00CA\\u1EC0\\u1EBE\\u1EC4\\u1EC2\\u1EBC\\u0112\\u1E14\\u1E16\\u0114\\u0116\\u00CB\\u1EBA\\u011A\\u0204\\u0206\\u1EB8\\u1EC6\\u0228\\u1E1C\\u0118\\u1E18\\u1E1A\\u0190\\u018E]","F":"[\\u0046\\u24BB\\uFF26\\u1E1E\\u0191\\uA77B]","G":"[\\u0047\\u24BC\\uFF27\\u01F4\\u011C\\u1E20\\u011E\\u0120\\u01E6\\u0122\\u01E4\\u0193\\uA7A0\\uA77D\\uA77E]","H":"[\\u0048\\u24BD\\uFF28\\u0124\\u1E22\\u1E26\\u021E\\u1E24\\u1E28\\u1E2A\\u0126\\u2C67\\u2C75\\uA78D]","I":"[\\u0049\\u24BE\\uFF29\\u00CC\\u00CD\\u00CE\\u0128\\u012A\\u012C\\u0130\\u00CF\\u1E2E\\u1EC8\\u01CF\\u0208\\u020A\\u1ECA\\u012E\\u1E2C\\u0197]","J":"[\\u004A\\u24BF\\uFF2A\\u0134\\u0248]","K":"[\\u004B\\u24C0\\uFF2B\\u1E30\\u01E8\\u1E32\\u0136\\u1E34\\u0198\\u2C69\\uA740\\uA742\\uA744\\uA7A2]","L":"[\\u004C\\u24C1\\uFF2C\\u013F\\u0139\\u013D\\u1E36\\u1E38\\u013B\\u1E3C\\u1E3A\\u0141\\u023D\\u2C62\\u2C60\\uA748\\uA746\\uA780]","LJ":"[\\u01C7]","Lj":"[\\u01C8]","M":"[\\u004D\\u24C2\\uFF2D\\u1E3E\\u1E40\\u1E42\\u2C6E\\u019C]","N":"[\\u004E\\u24C3\\uFF2E\\u01F8\\u0143\\u00D1\\u1E44\\u0147\\u1E46\\u0145\\u1E4A\\u1E48\\u0220\\u019D\\uA790\\uA7A4]","NJ":"[\\u01CA]","Nj":"[\\u01CB]","O":"[\\u004F\\u24C4\\uFF2F\\u00D2\\u00D3\\u00D4\\u1ED2\\u1ED0\\u1ED6\\u1ED4\\u00D5\\u1E4C\\u022C\\u1E4E\\u014C\\u1E50\\u1E52\\u014E\\u022E\\u0230\\u00D6\\u022A\\u1ECE\\u0150\\u01D1\\u020C\\u020E\\u01A0\\u1EDC\\u1EDA\\u1EE0\\u1EDE\\u1EE2\\u1ECC\\u1ED8\\u01EA\\u01EC\\u00D8\\u01FE\\u0186\\u019F\\uA74A\\uA74C]","OI":"[\\u01A2]","OO":"[\\uA74E]","OU":"[\\u0222]","P":"[\\u0050\\u24C5\\uFF30\\u1E54\\u1E56\\u01A4\\u2C63\\uA750\\uA752\\uA754]","Q":"[\\u0051\\u24C6\\uFF31\\uA756\\uA758\\u024A]","R":"[\\u0052\\u24C7\\uFF32\\u0154\\u1E58\\u0158\\u0210\\u0212\\u1E5A\\u1E5C\\u0156\\u1E5E\\u024C\\u2C64\\uA75A\\uA7A6\\uA782]","S":"[\\u0053\\u24C8\\uFF33\\u1E9E\\u015A\\u1E64\\u015C\\u1E60\\u0160\\u1E66\\u1E62\\u1E68\\u0218\\u015E\\u2C7E\\uA7A8\\uA784]","T":"[\\u0054\\u24C9\\uFF34\\u1E6A\\u0164\\u1E6C\\u021A\\u0162\\u1E70\\u1E6E\\u0166\\u01AC\\u01AE\\u023E\\uA786]","TZ":"[\\uA728]","U":"[\\u0055\\u24CA\\uFF35\\u00D9\\u00DA\\u00DB\\u0168\\u1E78\\u016A\\u1E7A\\u016C\\u00DC\\u01DB\\u01D7\\u01D5\\u01D9\\u1EE6\\u016E\\u0170\\u01D3\\u0214\\u0216\\u01AF\\u1EEA\\u1EE8\\u1EEE\\u1EEC\\u1EF0\\u1EE4\\u1E72\\u0172\\u1E76\\u1E74\\u0244]","V":"[\\u0056\\u24CB\\uFF36\\u1E7C\\u1E7E\\u01B2\\uA75E\\u0245]","VY":"[\\uA760]","W":"[\\u0057\\u24CC\\uFF37\\u1E80\\u1E82\\u0174\\u1E86\\u1E84\\u1E88\\u2C72]","X":"[\\u0058\\u24CD\\uFF38\\u1E8A\\u1E8C]","Y":"[\\u0059\\u24CE\\uFF39\\u1EF2\\u00DD\\u0176\\u1EF8\\u0232\\u1E8E\\u0178\\u1EF6\\u1EF4\\u01B3\\u024E\\u1EFE]","Z":"[\\u005A\\u24CF\\uFF3A\\u0179\\u1E90\\u017B\\u017D\\u1E92\\u1E94\\u01B5\\u0224\\u2C7F\\u2C6B\\uA762]","a":"[\\u0061\\u24D0\\uFF41\\u1E9A\\u00E0\\u00E1\\u00E2\\u1EA7\\u1EA5\\u1EAB\\u1EA9\\u00E3\\u0101\\u0103\\u1EB1\\u1EAF\\u1EB5\\u1EB3\\u0227\\u01E1\\u00E4\\u01DF\\u1EA3\\u00E5\\u01FB\\u01CE\\u0201\\u0203\\u1EA1\\u1EAD\\u1EB7\\u1E01\\u0105\\u2C65\\u0250]","aa":"[\\uA733]","ae":"[\\u00E6\\u01FD\\u01E3]","ao":"[\\uA735]","au":"[\\uA737]","av":"[\\uA739\\uA73B]","ay":"[\\uA73D]","b":"[\\u0062\\u24D1\\uFF42\\u1E03\\u1E05\\u1E07\\u0180\\u0183\\u0253]","c":"[\\u0063\\u24D2\\uFF43\\u0107\\u0109\\u010B\\u010D\\u00E7\\u1E09\\u0188\\u023C\\uA73F\\u2184]","d":"[\\u0064\\u24D3\\uFF44\\u1E0B\\u010F\\u1E0D\\u1E11\\u1E13\\u1E0F\\u0111\\u018C\\u0256\\u0257\\uA77A]","dz":"[\\u01F3\\u01C6]","e":"[\\u0065\\u24D4\\uFF45\\u00E8\\u00E9\\u00EA\\u1EC1\\u1EBF\\u1EC5\\u1EC3\\u1EBD\\u0113\\u1E15\\u1E17\\u0115\\u0117\\u00EB\\u1EBB\\u011B\\u0205\\u0207\\u1EB9\\u1EC7\\u0229\\u1E1D\\u0119\\u1E19\\u1E1B\\u0247\\u025B\\u01DD]","f":"[\\u0066\\u24D5\\uFF46\\u1E1F\\u0192\\uA77C]","g":"[\\u0067\\u24D6\\uFF47\\u01F5\\u011D\\u1E21\\u011F\\u0121\\u01E7\\u0123\\u01E5\\u0260\\uA7A1\\u1D79\\uA77F]","h":"[\\u0068\\u24D7\\uFF48\\u0125\\u1E23\\u1E27\\u021F\\u1E25\\u1E29\\u1E2B\\u1E96\\u0127\\u2C68\\u2C76\\u0265]","hv":"[\\u0195]","i":"[\\u0069\\u24D8\\uFF49\\u00EC\\u00ED\\u00EE\\u0129\\u012B\\u012D\\u00EF\\u1E2F\\u1EC9\\u01D0\\u0209\\u020B\\u1ECB\\u012F\\u1E2D\\u0268\\u0131]","j":"[\\u006A\\u24D9\\uFF4A\\u0135\\u01F0\\u0249]","k":"[\\u006B\\u24DA\\uFF4B\\u1E31\\u01E9\\u1E33\\u0137\\u1E35\\u0199\\u2C6A\\uA741\\uA743\\uA745\\uA7A3]","l":"[\\u006C\\u24DB\\uFF4C\\u0140\\u013A\\u013E\\u1E37\\u1E39\\u013C\\u1E3D\\u1E3B\\u017F\\u0142\\u019A\\u026B\\u2C61\\uA749\\uA781\\uA747]","lj":"[\\u01C9]","m":"[\\u006D\\u24DC\\uFF4D\\u1E3F\\u1E41\\u1E43\\u0271\\u026F]","n":"[\\u006E\\u24DD\\uFF4E\\u01F9\\u0144\\u00F1\\u1E45\\u0148\\u1E47\\u0146\\u1E4B\\u1E49\\u019E\\u0272\\u0149\\uA791\\uA7A5]","nj":"[\\u01CC]","o":"[\\u006F\\u24DE\\uFF4F\\u00F2\\u00F3\\u00F4\\u1ED3\\u1ED1\\u1ED7\\u1ED5\\u00F5\\u1E4D\\u022D\\u1E4F\\u014D\\u1E51\\u1E53\\u014F\\u022F\\u0231\\u00F6\\u022B\\u1ECF\\u0151\\u01D2\\u020D\\u020F\\u01A1\\u1EDD\\u1EDB\\u1EE1\\u1EDF\\u1EE3\\u1ECD\\u1ED9\\u01EB\\u01ED\\u00F8\\u01FF\\u0254\\uA74B\\uA74D\\u0275]","oi":"[\\u01A3]","ou":"[\\u0223]","oo":"[\\uA74F]","p":"[\\u0070\\u24DF\\uFF50\\u1E55\\u1E57\\u01A5\\u1D7D\\uA751\\uA753\\uA755]","q":"[\\u0071\\u24E0\\uFF51\\u024B\\uA757\\uA759]","r":"[\\u0072\\u24E1\\uFF52\\u0155\\u1E59\\u0159\\u0211\\u0213\\u1E5B\\u1E5D\\u0157\\u1E5F\\u024D\\u027D\\uA75B\\uA7A7\\uA783]","s":"[\\u0073\\u24E2\\uFF53\\u015B\\u1E65\\u015D\\u1E61\\u0161\\u1E67\\u1E63\\u1E69\\u0219\\u015F\\u023F\\uA7A9\\uA785\\u1E9B]","ss":"[\\u00DF]","t":"[\\u0074\\u24E3\\uFF54\\u1E6B\\u1E97\\u0165\\u1E6D\\u021B\\u0163\\u1E71\\u1E6F\\u0167\\u01AD\\u0288\\u2C66\\uA787]","tz":"[\\uA729]","u":"[\\u0075\\u24E4\\uFF55\\u00F9\\u00FA\\u00FB\\u0169\\u1E79\\u016B\\u1E7B\\u016D\\u00FC\\u01DC\\u01D8\\u01D6\\u01DA\\u1EE7\\u016F\\u0171\\u01D4\\u0215\\u0217\\u01B0\\u1EEB\\u1EE9\\u1EEF\\u1EED\\u1EF1\\u1EE5\\u1E73\\u0173\\u1E77\\u1E75\\u0289]","v":"[\\u0076\\u24E5\\uFF56\\u1E7D\\u1E7F\\u028B\\uA75F\\u028C]","vy":"[\\uA761]","w":"[\\u0077\\u24E6\\uFF57\\u1E81\\u1E83\\u0175\\u1E87\\u1E85\\u1E98\\u1E89\\u2C73]","x":"[\\u0078\\u24E7\\uFF58\\u1E8B\\u1E8D]","y":"[\\u0079\\u24E8\\uFF59\\u1EF3\\u00FD\\u0177\\u1EF9\\u0233\\u1E8F\\u00FF\\u1EF7\\u1E99\\u1EF5\\u01B4\\u024F\\u1EFF]","z":"[\\u007A\\u24E9\\uFF5A\\u017A\\u1E91\\u017C\\u017E\\u1E93\\u1E95\\u01B6\\u0225\\u0240\\u2C6C\\uA763]"},"researchesTests":["contentHasTOC","contentHasShortParagraphs","contentHasAssets","keywordInTitle","keywordInMetaDescription","keywordInPermalink","keywordIn10Percent","keywordInContent","keywordInSubheadings","keywordInImageAlt","keywordDensity","keywordNotUsed","lengthContent","lengthPermalink","linksHasInternal","linksHasExternals","linksNotAllExternals","titleStartWithKeyword","titleSentiment","titleHasPowerWords","titleHasNumber","hasContentAI"],"hasRedirection":false,"hasBreadcrumb":false},"homeUrl":"https:\/\/canoekayak.ca\/fr\/","objectID":1519,"objectType":"post","locale":"fr","localeFull":"fr_FR","overlayImages":{"play":{"name":"Ic\u00f4ne de lecture","url":"https:\/\/canoekayak.ca\/wp-content\/plugins\/seo-by-rank-math\/assets\/admin\/img\/icon-play.png","path":"\/nas\/content\/live\/canoekayak\/wp-content\/plugins\/seo-by-rank-math\/assets\/admin\/img\/icon-play.png","position":"middle_center"},"gif":{"name":"Ic\u00f4ne GIF","url":"https:\/\/canoekayak.ca\/wp-content\/plugins\/seo-by-rank-math\/assets\/admin\/img\/icon-gif.png","path":"\/nas\/content\/live\/canoekayak\/wp-content\/plugins\/seo-by-rank-math\/assets\/admin\/img\/icon-gif.png","position":"middle_center"}},"defautOgImage":"https:\/\/canoekayak.ca\/wp-content\/plugins\/seo-by-rank-math\/assets\/admin\/img\/social-placeholder.jpg","customPermalinks":true,"isUserRegistered":false,"autoSuggestKeywords":false,"connectSiteUrl":"https:\/\/rankmath.com\/auth?site=https%3A%2F%2Fcanoekayak.ca%2Ffr%2F&r=https%3A%2F%2Fcanoekayak.ca%2Ffr%2Fwp-json%2Fwp%2Fv2%2Fpages%2F1519%3Fnonce%3D28474f7249","maxTags":5,"trendsIcon":"<svg viewBox=\"0 0 610 610\"><path d=\"M18.85,446,174.32,290.48l58.08,58.08L76.93,504a14.54,14.54,0,0,1-20.55,0L18.83,466.48a14.54,14.54,0,0,1,0-20.55Z\" style=\"fill:#4285f4\"\/><path d=\"M242.65,242.66,377.59,377.6l-47.75,47.75a14.54,14.54,0,0,1-20.55,0L174.37,290.43l47.75-47.75A14.52,14.52,0,0,1,242.65,242.66Z\" style=\"fill:#ea4335\"\/><polygon points=\"319.53 319.53 479.26 159.8 537.34 217.88 377.61 377.62 319.53 319.53\" style=\"fill:#fabb05\"\/><path d=\"M594.26,262.73V118.61h0a16.94,16.94,0,0,0-16.94-16.94H433.2a16.94,16.94,0,0,0-12,28.92L565.34,274.71h0a16.94,16.94,0,0,0,28.92-12Z\" style=\"fill:#34a853\"\/><rect width=\"610\" height=\"610\" style=\"fill:none\"\/><\/svg>","showScore":true,"siteFavIcon":"data:image\/png;base64,iVBORw0KGgoAAAANSUhEUgAAABAAAAAQCAYAAAAf8\/9hAAABs0lEQVR4AWL4\/\/8\/RRjO8Iucx+noO0MWUDo16FYABMGP6ZfUcRnWtm27jVPbtm3bttuH2t3eFPcY9pLz7NxiLjCyVd87pKnHyqXyxtCs8APd0rnyxiu4qSeA3QEDrAwBDrT1s1Rc\/OrjLZwqVmOSu6+Lamcpp2KKMA9PH1BYXMe1mUP5qotvXTywsOEEYHXxrY+3cqk6TMkYpNr2FeoY3KIr0RPtn9wQ2unlA+GMkRw6+9TFw4YTwDUzx\/JVvARj9KaedXRO8P5B1Du2S32smzqUrcKGEyA+uAgQjKX7zf0boWHGfn71jIKj2689gxp7OAGShNcBUmLMPVjZuiKcA2vuWHHDCQxMCz629kXAIU4ApY15QwggAFbfOP9DhgBJ+nWVJ1AZAfICAj1pAlY6hCADZnveQf7bQIwzVONGJonhLIlS9gr5mFg44Xd+4S3XHoGNPdJl1INIwKyEgHckEhgTe1bGiFY9GSFBYUwLh1IkiJUbY407E7syBSFxKTszEoiE\/YdrgCEayDmtaJwCI9uu8TKMuZSVfSa4BpGgzvomBR\/INhLGzrqDotp01ZR8pn\/1L0JN9d9XNyx0AAAAAElFTkSuQmCC","canUser":{"general":false,"advanced":false,"snippet":false,"social":false,"analysis":false,"analytics":false,"content_ai":false},"showKeywordIntent":true,"isPro":false,"is_front_page":false,"trendsUpgradeLink":"https:\/\/rankmath.com\/pricing\/?utm_source=Plugin&utm_medium=CE%20General%20Tab%20Trends&utm_campaign=WP","trendsUpgradeLabel":"Mettre \u00e0 niveau","trendsPreviewImage":"https:\/\/canoekayak.ca\/wp-content\/plugins\/seo-by-rank-math\/assets\/admin\/img\/trends-preview.jpg","currentEditor":false,"homepageData":{"assessor":{"powerWords":["absolument","amazement","astonishing","authentique","beau","bien-\u00eatre","brillant","captivant","charismatique","choc","clair","compl\u00e8tement","confidentiel","confiance","cons\u00e9quent","cr\u00e9atif","d\u00e9finitivement","d\u00e9licieux","d\u00e9montrer","d\u00e9p\u00eachez-vous","d\u00e9termin\u00e9","digne","dynamique","\u00e9blouissant","\u00e9clatant","\u00e9conomique","\u00e9fficace","\u00e9l\u00e9gant","\u00e9motionnel","\u00e9nergique","\u00e9norme","\u00e9poustouflant","essentiel","\u00e9tonnant","exclusif","exp\u00e9rience","fabuleux","fantastique","formidable","fort","garanti","g\u00e9ant","g\u00e9n\u00e9reux","grandiose","gratuit","habile","harmonieux","historique","hors pair","important","incroyable","indispensable","inoubliable","inspirant","innovant","intense","invention","irr\u00e9sistible","l\u00e9gendaire","lumineux","luxe","magique","magnifique","majestueux","marquant","merveilleux","miraculeux","motivant","n\u00e9cessaire","nouvelle","officiel","parfait","passionn\u00e9","persuasif","ph\u00e9nom\u00e9nal","plaisir","populaire","pouvoir","prestigieux","prodigieux","profond","prosp\u00e8re","puissant","qualit\u00e9","radieux","rapide","r\u00e9ussi","r\u00e9volutionnaire","satisfait","s\u00e9curit\u00e9","sensationnel","serein","somptueux","splendide","sublime","surprenant","talentueux","terrifiant","unique","valeur","vibrant","victorieux","vif","vraiment","z\u00e9l\u00e9"],"diacritics":true,"researchesTests":["contentHasTOC","contentHasShortParagraphs","contentHasAssets","keywordInTitle","keywordInMetaDescription","keywordInPermalink","keywordIn10Percent","keywordInContent","keywordInSubheadings","keywordInImageAlt","keywordDensity","keywordNotUsed","lengthContent","lengthPermalink","linksHasInternal","linksHasExternals","linksNotAllExternals","titleStartWithKeyword","titleSentiment","titleHasPowerWords","titleHasNumber","hasContentAI"],"hasBreadcrumb":false,"serpData":{"title":"%sitename% %page% %sep% %sitedesc%","description":"","titleTemplate":"%sitename% %page% %sep% %sitedesc%","descriptionTemplate":"","focusKeywords":"","breadcrumbTitle":"Home","robots":{"index":true},"advancedRobots":{"max-snippet":"-1","max-video-preview":"-1","max-image-preview":"large"},"facebookTitle":"","facebookDescription":"","facebookImage":"","facebookImageID":""}}},"tocTitle":"Table of Contents","tocExcludeHeadings":[],"listStyle":"ul"},"_links":{"self":[{"href":"https:\/\/canoekayak.ca\/fr\/wp-json\/wp\/v2\/pages\/1519","targetHints":{"allow":["GET"]}}],"collection":[{"href":"https:\/\/canoekayak.ca\/fr\/wp-json\/wp\/v2\/pages"}],"about":[{"href":"https:\/\/canoekayak.ca\/fr\/wp-json\/wp\/v2\/types\/page"}],"author":[{"embeddable":true,"href":"https:\/\/canoekayak.ca\/fr\/wp-json\/wp\/v2\/users\/2"}],"replies":[{"embeddable":true,"href":"https:\/\/canoekayak.ca\/fr\/wp-json\/wp\/v2\/comments?post=1519"}],"version-history":[{"count":0,"href":"https:\/\/canoekayak.ca\/fr\/wp-json\/wp\/v2\/pages\/1519\/revisions"}],"up":[{"embeddable":true,"href":"https:\/\/canoekayak.ca\/fr\/wp-json\/wp\/v2\/pages\/1517"}],"wp:attachment":[{"href":"https:\/\/canoekayak.ca\/fr\/wp-json\/wp\/v2\/media?parent=1519"}],"curies":[{"name":"wp","href":"https:\/\/api.w.org\/{rel}","templated":true}]}}