{"id":1545,"date":"2025-01-08T11:53:50","date_gmt":"2025-01-08T19:53:50","guid":{"rendered":"https:\/\/canoekayak.ca\/donate\/"},"modified":"2025-05-15T13:17:48","modified_gmt":"2025-05-15T20:17:48","slug":"faire-un-don","status":"publish","type":"page","link":"https:\/\/canoekayak.ca\/fr\/faire-un-don\/","title":{"rendered":"Faire un Don"},"content":{"rendered":"<div>\n<div>\n<h1>Faire un Don<\/h1>\n<\/p><\/div>\n<p><!--\/seciton-wrap--><\/p>\n<div><\/div>\n<div><\/div>\n<\/div>\n<p><!--\/section--><\/p>\n<div>\n<div>\n<div>\n<div>\n<p>Le canotage est accessible \u00e0 tous les Canadiens, qu\u2019ils pagaient pour la feuille ou pour le sport.<\/p>\n<p>Nous devons perp\u00e9tuer notre h\u00e9ritage \u2013 pour nous assurer que le canotage est accessible \u00e0 tous sur notre territoire afin que chacun puisse d\u00e9couvrir notre pays d\u2019une mani\u00e8re unique. Le canotage nous relie \u00e0 notre histoire. Mais nous risquons de ne pas pouvoir transmettre sa riche tradition.<\/p>\n<p>Il y a une crise du financement du sport au Canada. L\u2019un des principaux obstacles \u00e0 l\u2019acc\u00e8s, \u00e0 la promotion et \u00e0 la programmation du canotage est le manque de financement. Mais gr\u00e2ce \u00e0 la g\u00e9n\u00e9rosit\u00e9 des Canadiens, nous pouvons continuer \u00e0 soutenir le canotage \u00e0 tous les niveaux et dans toutes les disciplines du sport. Vous pouvez nous aider \u00e0 d\u00e9velopper le canotage au Canada en faisant un don de bienfaisance d\u00e9ductible des imp\u00f4ts.<\/p>\n<p>Pour le sport. Pour la feuille.<\/p>\n<\/p><\/div>\n<\/p><\/div>\n<\/p><\/div>\n<\/div>\n<p><!--\/section--><\/p>\n","protected":false},"excerpt":{"rendered":"<p>Faire un Don Le canotage est accessible \u00e0 tous les Canadiens, qu\u2019ils pagaient pour la feuille ou pour le sport&#8230;.<\/p>\n","protected":false},"author":7,"featured_media":0,"parent":0,"menu_order":0,"comment_status":"closed","ping_status":"closed","template":"","meta":{"_acf_changed":false,"footnotes":""},"class_list":["post-1545","page","type-page","status-publish","hentry"],"acf":[],"_links":{"self":[{"href":"https:\/\/canoekayak.ca\/fr\/wp-json\/wp\/v2\/pages\/1545","targetHints":{"allow":["GET"]}}],"collection":[{"href":"https:\/\/canoekayak.ca\/fr\/wp-json\/wp\/v2\/pages"}],"about":[{"href":"https:\/\/canoekayak.ca\/fr\/wp-json\/wp\/v2\/types\/page"}],"author":[{"embeddable":true,"href":"https:\/\/canoekayak.ca\/fr\/wp-json\/wp\/v2\/users\/7"}],"replies":[{"embeddable":true,"href":"https:\/\/canoekayak.ca\/fr\/wp-json\/wp\/v2\/comments?post=1545"}],"version-history":[{"count":0,"href":"https:\/\/canoekayak.ca\/fr\/wp-json\/wp\/v2\/pages\/1545\/revisions"}],"wp:attachment":[{"href":"https:\/\/canoekayak.ca\/fr\/wp-json\/wp\/v2\/media?parent=1545"}],"curies":[{"name":"wp","href":"https:\/\/api.w.org\/{rel}","templated":true}]}}