{"id":1670,"date":"2025-03-27T09:07:18","date_gmt":"2025-03-27T13:07:18","guid":{"rendered":"https:\/\/canoekayak.ca\/we-paddle-month\/"},"modified":"2025-06-05T09:47:11","modified_gmt":"2025-06-05T16:47:11","slug":"mois-nous-pagayons","status":"publish","type":"page","link":"https:\/\/canoekayak.ca\/fr\/mois-nous-pagayons\/","title":{"rendered":"Mois Nous Pagayons"},"content":{"rendered":"<div>\n<div>\n<h1>Mois Nous Pagayons<\/h1>\n<\/p><\/div>\n<p><!--\/seciton-wrap--><\/p>\n<div><\/div>\n<div><\/div>\n<\/div>\n<p><!--\/section--><\/p>\n<div>\n<div>\n<div>\n<div>\n<p>Le mois du Nous Pagayons : C\u00e9l\u00e9brons le canotage \u00e0 travers le Canada<\/p>\n<p>Le Mois Nous Pagayons est une c\u00e9l\u00e9bration annuelle visant \u00e0 promouvoir le pagayage, \u00e0 en promouvoir l\u2019accessibilit\u00e9 et \u00e0 cr\u00e9er un sentiment d\u2019appartenance. C\u2019est la premi\u00e8re ann\u00e9e que le Mois Nous Pagayons est c\u00e9l\u00e9br\u00e9 et nous esp\u00e9rons qu\u2019il deviendra une c\u00e9l\u00e9bration dynamique et inclusive de la culture du pagayage au Canada !<\/p>\n<p>Nous invitons tout le monde, que vous soyez membre d\u2019un club ou non, \u00e0 participer et \u00e0 c\u00e9l\u00e9brer la joie du pagayage en juin\u00a0!<\/p>\n<p>PAGE DES \u00c9V\u00c9NEMENTS DU MOIS NOUS PAGAYONS<\/p>\n<p>&nbsp;<\/p>\n<\/p><\/div>\n<\/p><\/div>\n<\/p><\/div>\n<\/div>\n<p><!--\/section--><\/p>\n<div>\n<div>\n<div>\n<div>\n<p>                        QU\u2019EST-CE QUE LE MOIS NOUS PAGAYONS ?                    <\/p>\n<div>\n<div>\n<p>Le Mois Nous Pagayons est une c\u00e9l\u00e9bration annuelle visant \u00e0 promouvoir le pagayage partout au Canada. Cette initiative vise \u00e0 rendre le pagayage plus accessible et inclusif, en encourageant les personnes de tous horizons \u00e0 s\u2019essayer \u00e0 ce sport, que ce soit pour le loisir ou la comp\u00e9tition. Gr\u00e2ce \u00e0 ce mois de c\u00e9l\u00e9brations, nous esp\u00e9rons inspirer les gens \u00e0 profiter du plein air, \u00e0 profiter des magnifiques paysages du Canada et \u00e0 adopter un mode de vie sain et actif. Le Mois Nous Pagayons c\u00e9l\u00e8bre \u00e9galement l\u2019histoire profond\u00e9ment ancr\u00e9e du canotage dans la culture canadienne et autochtone, tout en favorisant l\u2019engagement communautaire par l\u2019interm\u00e9diaire des clubs et des organisations. En partageant vos exp\u00e9riences, en promouvant des \u00e9v\u00e9nements et en encourageant la participation, nous souhaitons faire du canotage un sport mieux reconnu et c\u00e9l\u00e9br\u00e9 par tous les Canadiens.<\/p>\n<\/p><\/div>\n<\/p><\/div>\n<\/p><\/div>\n<div>\n<p>                        COMMENT PARTICIPER :                    <\/p>\n<div>\n<div>\n<ul>\n<li>Partagez vos photos de canotage : Que vous soyez un pagayeur exp\u00e9riment\u00e9 ou un novice, nous encourageons tout le monde au Canada \u00e0 partager ses exp\u00e9riences de canotage sur les m\u00e9dias sociaux. Identifiez CKC (mots-cl\u00e9s sociaux disponibles ci-dessous dans la section Ressources) et utilisez des mots-clics comme #NousPagayons, #WePaddle #RougeBlancEtCano\u00e9, #MoisNousPagayons, #JuinEstPourLeCanotage, #MoisNationalDuCanotage et #PaddlesUp pour participer aux c\u00e9l\u00e9brations.<\/li>\n<li>Participation apr\u00e8s l\u2019\u00e9v\u00e9nement\u00a0: Apr\u00e8s vos aventures de canotage, aidez-nous \u00e0 suivre la participation en indiquant le nombre de personnes ayant particip\u00e9 aux \u00e9v\u00e9nements de votre club ou organisation. Cela nous aide \u00e0 b\u00e2tir une communaut\u00e9 plus forte autour du sport et \u00e0 recueillir des commentaires pour les \u00e9v\u00e9nements de l\u2019ann\u00e9e prochaine.<\/li>\n<li>Soutien aux clubs et organisations : Nous invitons les clubs \u00e0 tenir compte du Mois Nous Pagayons lors de la planification de leurs \u00e9v\u00e9nements et activit\u00e9s cette ann\u00e9e et pour les ann\u00e9es \u00e0 venir. CKC publiera ses \u00e9v\u00e9nements sur son site web et en fera la promotion via son infolettre et ses r\u00e9seaux sociaux pendant le mois de juin. Veuillez remplir un formulaire d\u2019inscription afin que nous puissions encourager la communaut\u00e9 \u00e0 participer \u00e0 vos \u00e9v\u00e9nements\u00a0!<\/li>\n<\/ul><\/div>\n<\/p><\/div>\n<\/p><\/div>\n<div>\n<p>                        NOS OBJECTIFS :                    <\/p>\n<div>\n<div>\n<ol>\n<li>Croissance\u00a0: Nous souhaitons \u00e9largir la port\u00e9e de ce sport et le faire d\u00e9couvrir au grand public. Notre objectif est d\u2019encourager davantage de personnes \u00e0 s\u2019y int\u00e9resser, qu\u2019il s\u2019agisse d\u2019une premi\u00e8re exp\u00e9rience ou d\u2019une reprise apr\u00e8s une pause. Nous souhaitons \u00e9galement mobiliser les clubs et organisations de tout le pays pour nous aider \u00e0 d\u00e9velopper la communaut\u00e9.<\/li>\n<li>Promotion\u00a0: Nous souhaitons que le Mois Nous Pagayons devienne une c\u00e9l\u00e9bration annuelle bien connue du pagayage. En faisant conna\u00eetre ce sport via les r\u00e9seaux sociaux et les \u00e9v\u00e9nements, nous pouvons faire de ce mois un moment fort du calendrier du pagayage et inciter les gens \u00e0 sortir et \u00e0 pagayer.<\/li>\n<li>Diversit\u00e9, \u00e9quit\u00e9 et inclusion (DEI)\u00a0: Il est crucial que le pagayage devienne plus inclusif. Nous nous engageons \u00e0 rendre ce sport plus accessible \u00e0 tous les Canadiens, quels que soient leurs ant\u00e9c\u00e9dents, leurs capacit\u00e9s ou leur exp\u00e9rience. Nous souhaitons mettre en valeur le pagayage comme une activit\u00e9 \u00e0 la fois r\u00e9cr\u00e9ative et comp\u00e9titive, accueillant des participants de tous \u00e2ges et de tous niveaux.<\/li>\n<li>Sant\u00e9 et bien-\u00eatre : Le pagayage est une merveilleuse fa\u00e7on de profiter du plein air et de rester actif. En encourageant davantage de personnes \u00e0 aller sur l\u2019eau, nous promouvons des modes de vie plus sains et plus actifs, ainsi qu\u2019une plus grande appr\u00e9ciation de la beaut\u00e9 naturelle du Canada.<\/li>\n<li>Histoire et patrimoine canadien\u00a0: Le pagayage est profond\u00e9ment ancr\u00e9 dans l\u2019histoire du Canada et les cultures autochtones. Nous souhaitons honorer et c\u00e9l\u00e9brer cet h\u00e9ritage, reconnaissant que ce sport fait non seulement partie de notre pass\u00e9, mais qu\u2019il continue de jouer un r\u00f4le important dans notre pr\u00e9sent et notre avenir.<\/li>\n<\/ol><\/div>\n<\/p><\/div>\n<\/p><\/div>\n<div>\n<p>                        RESSOURCES                    <\/p>\n<div>\n<div>\n<ul>\n<li>Formulaire d\u2019inscription<\/li>\n<li>Page de l\u2019\u00e9v\u00e9nement Mois Nous Pagayons<\/li>\n<li>Logo Nous Pagayons<\/li>\n<li>Mots-clics : #NousPagayons, #RougeBlancEtCano\u00e9, #MoisDuCanotage, #JuinEstPourLeCanotage, #MoisNationalNousPagayons et #PaddlesUp<\/li>\n<li>R\u00e9seaux sociaux de CKC (veuillez nous identifier dans vos photos et publications du mois de juin)<br \/>\nFacebook &#8211; @CanoeKayakCanada<br \/>\nInstagram &#8211; @canoekayakcan<br \/>\nTwitter\/X &#8211; @CanoeKayakCAN<\/li>\n<\/ul>\n<ul>\n<li><\/li>\n<\/ul><\/div>\n<\/p><\/div>\n<\/p><\/div>\n<\/p><\/div>\n<\/p><\/div>\n<\/div>\n<p><!--\/section--><\/p>\n","protected":false},"excerpt":{"rendered":"<p>Mois Nous Pagayons Le mois du Nous Pagayons : C\u00e9l\u00e9brons le canotage \u00e0 travers le Canada Le Mois Nous Pagayons&#8230;<\/p>\n","protected":false},"author":4,"featured_media":0,"parent":0,"menu_order":0,"comment_status":"closed","ping_status":"closed","template":"","meta":{"_acf_changed":false,"footnotes":""},"class_list":["post-1670","page","type-page","status-publish","hentry"],"acf":[],"_links":{"self":[{"href":"https:\/\/canoekayak.ca\/fr\/wp-json\/wp\/v2\/pages\/1670","targetHints":{"allow":["GET"]}}],"collection":[{"href":"https:\/\/canoekayak.ca\/fr\/wp-json\/wp\/v2\/pages"}],"about":[{"href":"https:\/\/canoekayak.ca\/fr\/wp-json\/wp\/v2\/types\/page"}],"author":[{"embeddable":true,"href":"https:\/\/canoekayak.ca\/fr\/wp-json\/wp\/v2\/users\/4"}],"replies":[{"embeddable":true,"href":"https:\/\/canoekayak.ca\/fr\/wp-json\/wp\/v2\/comments?post=1670"}],"version-history":[{"count":0,"href":"https:\/\/canoekayak.ca\/fr\/wp-json\/wp\/v2\/pages\/1670\/revisions"}],"wp:attachment":[{"href":"https:\/\/canoekayak.ca\/fr\/wp-json\/wp\/v2\/media?parent=1670"}],"curies":[{"name":"wp","href":"https:\/\/api.w.org\/{rel}","templated":true}]}}