{"id":1976,"date":"2025-04-14T08:24:21","date_gmt":"2025-04-14T12:24:21","guid":{"rendered":"https:\/\/canoekayak.ca\/results\/"},"modified":"2026-01-30T13:13:33","modified_gmt":"2026-01-30T18:13:33","slug":"results","status":"publish","type":"page","link":"https:\/\/canoekayak.ca\/fr\/results\/","title":{"rendered":"Results"},"content":{"rendered":"<div>\n<div>\n<h1>Results<\/h1>\n<\/p><\/div>\n<p><!--\/seciton-wrap--><\/p>\n<div><\/div>\n<div><\/div>\n<\/div>\n<p><!--\/section--><\/p>\n<div>\n<div>\n<h2>Sprint Results<\/h2>\n<div>\n<div>\n<p>                        CKC Sprint National Championships                    <\/p>\n<div>\n<div>\n<p>2027 (Dartmouth)<br \/>\nBurgee Points<\/p>\n<p>2026 (Ottawa)<br \/>\nBurgee Points<\/p>\n<p>2025 (Regina)<br \/>\nBurgee Points<\/p>\n<p>2024 (Welland)<br \/>\nBurgee Points<\/p>\n<p>2023 (Dartmouth)<br \/>\nBurgee Points<\/p>\n<p>2022 (Shawinigan, QC)<br \/>\nBurgee Points<\/p>\n<p>2021(Ottawa)<br \/>\nBurgee Points<\/p>\n<p>2019 (Regina)<br \/>\nBurgee Points<\/p>\n<p>2018 (Sherbrooke, QC)<\/p>\n<p>2017 (Welland)<\/p>\n<p>2016 (Dartmouth)<\/p>\n<p>2015 (Ottawa)<\/p>\n<p>2014 (Regina)<\/p>\n<p>2013 (Montr\u00e9al)<\/p>\n<p>2012 (Dartmouth)<\/p>\n<p>2011 (Welland)<\/p>\n<p>2010 (Regina)<\/p>\n<p>2009 (Sherbrooke)<\/p>\n<p>2008 (Dartmouth)<\/p>\n<p>2007 (Ottawa)<\/p>\n<p>2006 (Regina)<\/p>\n<p>2005 (Montr\u00e9al)<\/p>\n<p>2004 (Dartmouth)<\/p>\n<p>2003 (Welland)<\/p>\n<p>2002 (Minnedosa)<\/p>\n<p>2001 (Lac Beauport)<\/p>\n<\/p><\/div>\n<\/p><\/div>\n<\/p><\/div>\n<div>\n<p>                        CanMas                    <\/p>\n<div>\n<div>\n<p>2027 Dartmouth<br \/>\nBurgee Points<br \/>\nResults<\/p>\n<p>2026 Ottawa<br \/>\nBurgee Points<br \/>\nResults<\/p>\n<p>2025 Regina<br \/>\nBurgee Points<br \/>\nResults<\/p>\n<p>2024 Welland<br \/>\nBurgee Points<br \/>\nResults<\/p>\n<p>2023 Dartmouth<br \/>\nBurgee Points<br \/>\nRace Results<\/p>\n<p>2022 Shawinigan<br \/>\nBurgee Points<br \/>\nRace Results<\/p>\n<p>2021 Ottawa<br \/>\nBurgee Points<br \/>\nRace Results<\/p>\n<p>2019 Regina<br \/>\nBurgee Points<br \/>\nRace Results<\/p>\n<p>2018 Sherbrooke<br \/>\nRace Results and Burgee Points<\/p>\n<p>2017 Welland<\/p>\n<p>2016 Dartmouth<br \/>\nRace Results<\/p>\n<p>2015 Ottawa\n<\/p>\n<p>2013 Montr\u00e9al<\/p>\n<p>2012 Dartmouth<\/p>\n<p>2011 Welland<\/p>\n<p>2010 Regina<\/p>\n<p>2009 Sherbrooke\n<\/p>\n<p>&nbsp;<\/p>\n<\/p><\/div>\n<\/p><\/div>\n<\/p><\/div>\n<div>\n<p>                        National Team Trials                    <\/p>\n<div>\n<div>\n<p>2026<\/p>\n<p>NTT #1 ( Chula Vista, California) Day 1 Day 2<br \/>\nNTT #2 (Montreal, QC) Day 1 Day 2 Day 3<\/p>\n<p>2025<\/p>\n<p>NTT #1 ( Montreal, QC) Day 1 Day 2<br \/>\nNTT #2 (Montreal, QC) Day 1 Day 2 Day 3\u00a0<\/p>\n<p>2024\n<\/p>\n<p>NTT #1 (Chula Vista, California) Day 1 Day 2 Day 3<\/p>\n<p>NTT #2 (Montreal, Quebec) Day 1 Day 2 Day 3\u00a0<\/p>\n<p>2023<\/p>\n<p>NTT #1 (Chula Vista, California) Day 1 Day 2 Day 3<\/p>\n<p>NTT #2 (Montr\u00e9al) Day 1 Day 2 Day 3<\/p>\n<p>2022<\/p>\n<p>NTT #1 (Dartmouth, NS) Day 1 Day 2 Day 3 Day 4<\/p>\n<p>NTT #2 (Montreal, QC) Day 1 Day 2 Day 3 Day 4<\/p>\n<p>2021<\/p>\n<p>NTT#1 (Burnaby, BC) Day 1 Day 2 Day 3 Day 4<\/p>\n<p>2019 <\/p>\n<p>Trials #1 Regatta Results (Montreal, QC)<br \/>\nTrials #2 Regatta Results (Dartmouth, NS)<\/p>\n<p>&nbsp;<\/p>\n<\/p><\/div>\n<\/p><\/div>\n<\/p><\/div>\n<div>\n<p>                        Canada Cups                    <\/p>\n<div>\n<div>\n<p>2023 East (Rideau)&#8211; Day 1 Day 2 Points<\/p>\n<p>2023 West (Wascana) &#8211; Day 1 Day 2 Points<\/p>\n<p>2022\u00a0East<\/p>\n<p>2022 West<\/p>\n<p>2017 \u00a0#1 (Ottawa)<br \/>\nDay 1<br \/>\nDay 2<\/p>\n<p>2017 #2 (Shawinigan)<br \/>\nDay 1<br \/>\nDay 2<\/p>\n<\/p><\/div>\n<\/p><\/div>\n<\/p><\/div>\n<div>\n<p>                        Other Events                    <\/p>\n<div>\n<div>\n<p>Coast to Coast to Coast Paddle Challenge<br \/>\n2020<\/p>\n<p>Pan American Sprint Championships<\/p>\n<p>2018 Pan American Sprint Championships (Canada)<br \/>\nPanam Canoe 2018 (Dartmouth, Canada)\n<\/p>\n<p>2017 Pan American Sprint Championships (Ecuador)<br \/>\n2017 Panamerican Championships (Ibarra, Ecuador)<\/p>\n<p>Sunshine Showdown<br \/>\n2016 (Sarasota, Florida)<\/p>\n<\/p><\/div>\n<\/p><\/div>\n<\/p><\/div>\n<\/p><\/div>\n<\/p><\/div>\n<\/div>\n<p><!--\/section--><\/p>\n<div>\n<div>\n<h2>Slalom Results<\/h2>\n<div>\n<div>\n<p>                        CKC Whitewater National Championships                    <\/p>\n<div>\n<div>\n<p>2025 (Jonqui\u00e8re, QC)<\/p>\n<p>2024 (Kananaskis, AB)<\/p>\n<p>2023 (Minden Hills, ON)<\/p>\n<p>2022 (Kananaskis, AB)<\/p>\n<p>2019 (Minden Hills, ON)<\/p>\n<p>2018 (Kananaskis, AB)<\/p>\n<p>2017 (Ottawa, ON)<\/p>\n<p>2016 (Jonqui\u00e8re, QC)<\/p>\n<p>2015 (Chilliwack, BC)<\/p>\n<p>2014\u00a0(Madawaska, ON)<\/p>\n<p>2013\u00a0(Kananaskis, AB)<\/p>\n<p>2012\u00a0(Valleyfield, QC)<\/p>\n<p>2011\u00a0(Chilliwack, BC)<\/p>\n<p>2010\u00a0(Minden, ON)<\/p>\n<p>2009 (Kananaskis, AB)<\/p>\n<p>2008\u00a0(Jonqui\u00e8re, QC)<\/p>\n<p>2007 (Chilliwack, BC)<\/p>\n<p>2006\u00a0(Madawaska, ON)<\/p>\n<p>2005 (Kananaskis, AB)<\/p>\n<p>2004 (Valleyfield, QC)<\/p>\n<p>2003 (Chilliwack, BC)<\/p>\n<p>2002 (Madawaska, ON)<\/p>\n<p>2001 (Kananaskis, AB)<\/p>\n<p>2000 (Ottawa, ON)<\/p>\n<p>1999 (Jonquir\u00e8re, QC)<\/p>\n<p>1998 (Kananaskis, AB)<\/p>\n<p>1997 (Jonqui\u00e8re, QC)<\/p>\n<\/p><\/div>\n<\/p><\/div>\n<\/p><\/div>\n<div>\n<p>                        National Team Trials                    <\/p>\n<div>\n<div>\n<p>2024<\/p>\n<p>2024 Canoe Slalom National Team Trials Valleyfield<\/p>\n<p>2024 Kayak Cross National Team Trials<\/p>\n<p>2023<\/p>\n<p>2023 Canoe Slalom National Team Kananaskis Selection (Krakow World Championships Nominations)<\/p>\n<p>2023 Slalom Interclass Ranking_Kananaskis (Development Squad Nominations)<\/p>\n<p>2023 Kananaskis Selections Results Race 1<\/p>\n<p>2023 Kananaskis Selections Results Race 2<\/p>\n<p>2023 Kananaskis Selections Results Race 3<\/p>\n<p>2023 Kananaskis Selections Results Race 4<\/p>\n<p>2023 Kananaskis Selections Results Time Trials<\/p>\n<p>Pyrenees Cup Selection Ranking 2023<\/p>\n<p>2022<\/p>\n<p>Oklahoma City Team Trials<\/p>\n<p>2021<\/p>\n<p>The Pumphouse &#8211; Races1 &amp; 2 (Heats)<\/p>\n<p>The Pumphouse &#8211; Race 3 (Semifinal)<\/p>\n<p>The Pumphouse &#8211; Race 4 (Final)<\/p>\n<p>2019<\/p>\n<p>Oklahoma City Team Trials<\/p>\n<p>2019 Canoe Slalom National Team Selection Final Ranking<\/p>\n<p>2018<br \/>\nValleyfield Team Trials<\/p>\n<p>2017<br \/>\nKananaskis Team Trials<\/p>\n<p>2016<br \/>\nKananaskis Next Gen Team Trials<br \/>\nRutherford Creek Senior Team Trials Day 1<br \/>\nRutherford Creek Senior Team Trials Day 2<br \/>\nK1W Ranking C1M Ranking C1W Ranking K1M Ranking<\/p>\n<p>2015<br \/>\nMinden Wildwater Preserve Team Trials<br \/>\nC1M Ranking C1W Ranking C2M Ranking K1M Ranking K1W Ranking<\/p>\n<p>2014<br \/>\nTrials (Rutherford, BC)<\/p>\n<p>2013<br \/>\nTrials (Minden, ON)<\/p>\n<p>2012<br \/>\nOlympic Trials (Charlotte, USA)<br \/>\nJunior Trials (Kananaskis, AB)<\/p>\n<p>2011<br \/>\nTrials (Valleyfield, QC)<\/p>\n<p>2010<br \/>\nTrials (Rutherford, BC)<\/p>\n<p>2009<br \/>\nTrials (Ottawa, ON)<\/p>\n<p>2008<br \/>\nTrials (Charlotte, North Carolina, USA)<\/p>\n<p>2007<br \/>\nTrials (Charlotte, North Carolina, USA)<\/p>\n<p>2006<br \/>\nTrials (Liptovsk\u00fd Mikul\u00e1\u0161, Slovakia)<\/p>\n<p>2005<\/p>\n<p>2004<\/p>\n<p>2003<br \/>\nTrials<\/p>\n<p>2002<\/p>\n<p>2001<\/p>\n<p>2000<\/p>\n<p>1999<\/p>\n<p>1998<br \/>\nTrials<\/p>\n<p>1997<br \/>\nTrials ( Kananaskis, AB)<\/p>\n<\/p><\/div>\n<\/p><\/div>\n<\/p><\/div>\n<\/p><\/div>\n<\/p><\/div>\n<\/div>\n<p><!--\/section--><\/p>\n<div>\n<div>\n<h2>Canoe Polo Results<\/h2>\n<div>\n<div>\n<p>                        Canoe Polo National Championships                    <\/p>\n<div>\n<div>\n<p>2015 (Valleyfield)<\/p>\n<p>2014 (Edmonton)<\/p>\n<p>2013 (Welland)<\/p>\n<p>2012 (Innisfail)<\/p>\n<p>2011 (Sudbury)<\/p>\n<p>2010 (Valleyfield)<\/p>\n<p>2007 (Edmonton)<\/p>\n<p>2002 (Edmonton)<\/p>\n<\/p><\/div>\n<\/p><\/div>\n<\/p><\/div>\n<\/p><\/div>\n<\/p><\/div>\n<\/div>\n<p><!--\/section--><\/p>\n<div>\n<div>\n<h2>Freestyle Results<\/h2>\n<div>\n<div>\n<p>                        National Team Trials                    <\/p>\n<div>\n<div>\n<p>2018 (Kananaskis, AB)<\/p>\n<\/p><\/div>\n<\/p><\/div>\n<\/p><\/div>\n<\/p><\/div>\n<\/p><\/div>\n<\/div>\n<p><!--\/section--><\/p>\n","protected":false},"excerpt":{"rendered":"<p>Results Sprint Results CKC Sprint National Championships 2027 (Dartmouth) Burgee Points 2026 (Ottawa) Burgee Points 2025 (Regina) Burgee Points 2024&#8230;<\/p>\n","protected":false},"author":8,"featured_media":0,"parent":0,"menu_order":0,"comment_status":"closed","ping_status":"closed","template":"","meta":{"_acf_changed":false,"footnotes":""},"class_list":["post-1976","page","type-page","status-publish","hentry"],"acf":[],"_links":{"self":[{"href":"https:\/\/canoekayak.ca\/fr\/wp-json\/wp\/v2\/pages\/1976","targetHints":{"allow":["GET"]}}],"collection":[{"href":"https:\/\/canoekayak.ca\/fr\/wp-json\/wp\/v2\/pages"}],"about":[{"href":"https:\/\/canoekayak.ca\/fr\/wp-json\/wp\/v2\/types\/page"}],"author":[{"embeddable":true,"href":"https:\/\/canoekayak.ca\/fr\/wp-json\/wp\/v2\/users\/8"}],"replies":[{"embeddable":true,"href":"https:\/\/canoekayak.ca\/fr\/wp-json\/wp\/v2\/comments?post=1976"}],"version-history":[{"count":0,"href":"https:\/\/canoekayak.ca\/fr\/wp-json\/wp\/v2\/pages\/1976\/revisions"}],"wp:attachment":[{"href":"https:\/\/canoekayak.ca\/fr\/wp-json\/wp\/v2\/media?parent=1976"}],"curies":[{"name":"wp","href":"https:\/\/api.w.org\/{rel}","templated":true}]}}