{"id":3967,"date":"2025-10-01T14:15:41","date_gmt":"2025-10-01T18:15:41","guid":{"rendered":"https:\/\/canoekayak.ca\/club-resources\/"},"modified":"2026-01-30T17:04:23","modified_gmt":"2026-01-30T22:04:23","slug":"club-resources","status":"publish","type":"page","link":"https:\/\/canoekayak.ca\/fr\/club-resources\/","title":{"rendered":"Ressources des Clubs"},"content":{"rendered":"<div>\n<div>\n<h1>Ressources des Clubs<\/h1>\n<\/p><\/div>\n<p><!--\/seciton-wrap--><\/p>\n<div><\/div>\n<div><\/div>\n<\/div>\n<p><!--\/section--><\/p>\n<div>\n<div>\n<h2>G\u00e9n\u00e9ral<\/h2>\n<div>\n<div>\n<p>                        Ressources de la base RAMP                    <\/p>\n<div>\n<div>\n<h4>CKC Ressources<\/h4>\n<ul>\n<li>Instructions de Ramp mises \u00e0 jour pour les clubs \u2013 Un guide complet (Decembre 2023)<\/li>\n<li>Soumettre les informations sur le club (et premi\u00e8re connexion au syst\u00e8me)<\/li>\n<\/ul>\n<h4>Importations \u2013 Instructions<\/h4>\n<ul>\n<li>Instructions pour l\u2019importation des membres<\/li>\n<li>EXEMPLE Excel pour l\u2019importation<\/li>\n<li>Gabarit pour l\u2019importation<\/li>\n<\/ul>\n<h4>Instructions pour la v\u00e9rification des ant\u00e9c\u00e9dents<\/h4>\n<ul>\n<li>Individuelles \u2013 Effectuer une verification des ant\u00e9c\u00e9dents \u2013 Guide de l\u2019usager<\/li>\n<li>Club\/Orgs \u2013 Produire un rapport du niveau de sport s\u00e9curitaire de vos membres<\/li>\n<\/ul>\n<h4>CKC\u00a0Vid\u00e9os<\/h4>\n<ul>\n<li>S\u00e9ance de pr\u00e9sentation de Ramp InterActive (en fran\u00e7ais)\u00a0(2024)\n<ul>\n<li>Access Passcode: @cw=!Pv4<\/li>\n<\/ul>\n<\/li>\n<\/ul>\n<h4>Ressources Communautaires<\/h4>\n<p>Vous trouverez ci-dessous des exemples de diff\u00e9rentes configurations r\u00e9alis\u00e9es par d\u2019autres organisations.\u00a0 Veuillez noter que tous ces exemples ne s\u2019appliquent pas n\u00e9cessairement \u00e0 votre organisation, mais ils donnent un aper\u00e7u de ce qu\u2019une autre organisation a fait.<\/p>\n<ul>\n<li>CKBC example of Season set up\u00a0(en anglais)<\/li>\n<li>CKBC example of Club Info set up\u00a0(en anglais)<\/li>\n<li>CKBC example of how to Build a Package demo\u00a0(en anglais)<\/li>\n<\/ul>\n<h4>Inscriptions aux Concours<\/h4>\n<ul>\n<li>\n<ul>\n<li>\u00c9v\u00e9nements CKC \u2013 Soumissions d\u2019inscriptions depuis le c\u00f4t\u00e9 administratif du RAMP \u2013\u00a0Vid\u00e9o<\/li>\n<li>\u00c9v\u00e9nements CKC \u2013 Soumissions d\u2019inscriptions depuis le c\u00f4t\u00e9 administratif du RAMP \u2013\u00a0Document de r\u00e9f\u00e9rence<\/li>\n<\/ul>\n<\/li>\n<\/ul><\/div>\n<\/p><\/div>\n<\/p><\/div>\n<div>\n<p>                        Ateliers du club                    <\/p>\n<div>\n<div>\n<h3>Sessions de soutien RAMP\u00a0<\/h3>\n<p>Comme nous commen\u00e7ons \u00e0 travailler avec RAMP et devenons de plus en plus \u00e0 l\u2019aise avec son fonctionnement, nous voulons \u00e9tablir un endroit o\u00f9 les registraires ou les administrateurs de club peuvent travailler ensemble ou poser des questions. Comme tous les clubs utilisent le m\u00eame syst\u00e8me, nous pensons qu\u2019il pourrait \u00eatre utile de discuter avec vos coll\u00e8gues. Veuillez utiliser les liens ci-dessous pour vous inscrire.<\/p>\n<p>Apr\u00e8s ces dates, le CKC proposera d\u2019autres sessions pour soutenir l\u2019inscription aux \u00e9v\u00e9nements.<\/p>\n<p>ENREGISTREMENTS ZOOM\u00a0:<\/p>\n<p>Mercredi, le 19 mars, 2025 \u2013 Formation et r\u00e9vision RAMP pour les clubs \u2013 Questions et informations sur le syst\u00e8me (Anglais)<br \/>\nPasscode: .HAt9=#&amp;<\/p>\n<p>Mercredi, le 19 f\u00e9vrier, 2025 \u2013 Formation et r\u00e9vision RAMP pour les clubs \u2013 Questions et informations sur le syst\u00e8me (Anglais)<br \/>\nCode d\u2019acc\u00e8s: 86d?3ZCQ<\/p>\n<p>F\u00e9vrier 2024 \u2013 Questions et r\u00e9ponses de f\u00e9vrier avec le personnel de RAMP \u2013 Questions et informations sur le syst\u00e8me<\/p>\n<p>Code d\u2019acc\u00e8s\u00a0: .sAZ2Unh<\/p>\n<p>Avril 2024 \u2013 Questions et r\u00e9ponses avec le personnel d\u2019assistance RAMP<\/p>\n<p>Passcode: ^7d6BiqM<\/p>\n<\/p><\/div>\n<\/p><\/div>\n<\/p><\/div>\n<div>\n<p>                        Trousse \u00e0 outils \u00ab Nous pagayons \u00bb                    <\/p>\n<div>\n<div>\n<p><img \/>\u00c0 propos du programme \u00ab Nous pagayons \u00bb, une initiative communautaire pour le sport pour tous<\/p>\n<p>Le programme \u00ab Nous pagayons \u00bb a \u00e9t\u00e9 cr\u00e9\u00e9 en 2023-24 par Canoe Kayak Canada \u00e0 l\u2019intention des b\u00e9n\u00e9ficiaires de la subvention \u00ab Nous pagayons \u00bb afin d\u2019accro\u00eetre l\u2019acc\u00e8s et les possibilit\u00e9s pour les communaut\u00e9s sous-repr\u00e9sent\u00e9es dans ce sport. Le cadre, la conception et les ressources du programme ont \u00e9t\u00e9 \u00e9labor\u00e9s en collaboration avec les vingt-quatre clubs et associations participants, avec le soutien d\u2019experts en impact social, de concepteurs p\u00e9dagogiques et de leaders de la communaut\u00e9 du cano\u00eb-kayak.<\/p>\n<p>Ressources d\u00e9velopp\u00e9es\u00a0:<\/p>\n<p>Compte tenu des besoins vari\u00e9s de chaque programme, chaque ressource peut \u00eatre consid\u00e9r\u00e9e comme un mod\u00e8le ou un \u00ab menu \u00bb permettant de s\u00e9lectionner les \u00e9l\u00e9ments les mieux adapt\u00e9s aux besoins et aux capacit\u00e9s de votre club. (Anglais seulement pour maintenant)<\/p>\n<p>1 \u2013 Cadre du programme \u00ab Nous pagayons \u00bb<\/p>\n<p>2 \u2013 Strat\u00e9gies de recrutement et de sensibilisation de \u00ab Nous pagayons \u00bb<\/p>\n<p>3 \u2013 Accueil des nouveaux participants de \u00ab Nous pagayons \u00bb<\/p>\n<p>4 \u2013 Activit\u00e9s d&#8217;accueil et brise-glace inclusives de \u00ab Nous pagayons \u00bb<\/p>\n<p>5 \u2013 Renforcement des capacit\u00e9s des clubs avec \u00ab Nous pagayons \u00bb<\/p>\n<p>6 \u2013 Exemples de plans de s\u00e9ance \u00ab Nous pagayons \u00bb<\/p>\n<p>Mod\u00e8les de ressources \u00ab Nous pagayons \u00bb (RNP) d\u00e9velopp\u00e9s :<\/p>\n<p>D&#8217;autres mod\u00e8les de ressources ont \u00e9t\u00e9 cr\u00e9\u00e9s pour faciliter le renforcement des capacit\u00e9s des clubs. Parmi ces documents, les clubs peuvent s&#8217;en inspirer pour \u00e9laborer leurs propres politiques (il est recommand\u00e9 aux clubs de faire examiner leurs politiques par un juriste avant leur mise en \u0153uvre).<\/p>\n<p>7 \u2013 Politique EDI de RNP<br \/>\n8 \u2013 Politique d\u2019\u00e9quit\u00e9 entre les sexes de RNP<br \/>\n9 \u2013 Formulaire d\u2019inscription des participants de RNP<br \/>\n10 \u2013 Politique de confidentialit\u00e9 de RNP<br \/>\n11 \u2013 Suivi du recrutement et du d\u00e9marchage de RNP<br \/>\n12 \u2013 Formulaire de consentement au code de conduite de RNP<br \/>\n13 \u2013 Animateur du programme \u00ab PaddleAll \u00bb de RNP<br \/>\n14 \u2013 Poste \u00e0 temps partiel chez RNP<br \/>\n15 \u2013 Mod\u00e8les vierges de plans de s\u00e9ance de RNP<br \/>\n16 \u2013 Formulaire de consentement \u00e0 l\u2019utilisation d\u2019images de RNP<\/p>\n<p>Entra\u00eeneurs, instructeurs et responsables<\/p>\n<p>Trois modules ont \u00e9t\u00e9 con\u00e7us pour les instructeurs, les entra\u00eeneurs et les responsables de tous les sports de pagaie et sont disponibles sur la plateforme \u00ab Le Casier \u00bb de l\u2019Association des entra\u00eeneurs du Canada \u00e0 l\u2019adresse https:\/\/lecasier.coach.ca\/.<\/p>\n<p>Veuillez cr\u00e9er un compte ou vous connecter. Vous trouverez les trois modules sous \u00ab\u00a0APPRENTISSAGE EN LIGNE &gt; Cano\u00eb-kayak\u00a0\u00bb\u00a0:<\/p>\n<p>Fondements du leadership 1 : S\u00e9curit\u00e9 des pagayeurs<\/p>\n<p>Fondements du leadership 2\u00a0: Planification d\u2019une s\u00e9ance<\/p>\n<p>Fondements du leadership 3\u00a0: D\u00e9veloppement des comp\u00e9tences<\/p>\n<p>Ressources IDEA<\/p>\n<p>Enfin, Andrew Paris (il\/lui) est consultant en inclusion et poss\u00e8de sept ans d&#8217;exp\u00e9rience en consultation professionnelle et plus de dix-sept ans d&#8217;exp\u00e9rience dans le secteur du sport et des loisirs. Il a accompagn\u00e9 plus de 30 clients des secteurs public et priv\u00e9 dans les domaines de l&#8217;\u00e9ducation, de la sant\u00e9, des administrations municipales, de l&#8217;agriculture et du sport. Il a notamment travaill\u00e9 pour l&#8217;Institut canadien du sport de l&#8217;Atlantique, Curling Canada et le gouvernement de la Nouvelle-\u00c9cosse. Andrew est \u00e9galement le fondateur de la Black Rock Initiative, un organisme sans but lucratif qui favorise l&#8217;inclusion et l&#8217;acc\u00e8s des jeunes BIPOC au curling.<\/p>\n<p>Andrew a cr\u00e9\u00e9 une vid\u00e9o d&#8217;introduction \u00e0 l&#8217;inclusion, diversit\u00e9, \u00e9quit\u00e9 et accessibilit\u00e9 (IDEA) ainsi que deux infographies qui constituent d&#8217;excellentes ressources pour tous les clubs. Consultez notre page Web sur la IDEA ICI pour acc\u00e9der \u00e0 ces ressources !<\/p>\n<\/p><\/div>\n<\/p><\/div>\n<\/p><\/div>\n<\/p><\/div>\n<\/p><\/div>\n<\/div>\n<p><!--\/section--><\/p>\n<div>\n<div>\n<h2>VItesse<\/h2>\n<div>\n<div>\n<p>                        Manuel du membre Vitesse                    <\/p>\n<div>\n<div>\n<p>CKC manuel des membres de vitesse<\/p>\n<\/p><\/div>\n<\/p><\/div>\n<\/p><\/div>\n<div>\n<p>                        Adh\u00e9sion au club                    <\/p>\n<div>\n<div>\n<p>Comme il est indiqu\u00e9 dans les r\u00e8glements r\u00e9gissant la structure de la DCV, il y a deux types d\u2019adh\u00e9sion pour les clubs\u202f:<\/p>\n<p>Type d\u2019adh\u00e9sion et cotisation<\/p>\n<p>Pour savoir si vous \u00eates un membre votant ou un membre associ\u00e9, veuillez consulter\u00a0le manuel des membres.<\/p>\n<ol>\n<li>Clubs membres votants\u00a0<\/li>\n<\/ol>\n<p>a. Cotisation de 100\u202f$ pour CKC de 100\u202f$ + cotisation de 400\u202f$ comme club membre votant de la DCV (d\u00e9taill\u00e9s dans le tableau ci-dessous)<\/p>\n<table>\n<tr>\n<td>Ann\u00e9es d\u2019adh\u00e9sion<\/td>\n<td>Cotisations annuelles<\/td>\n<\/tr>\n<tr>\n<td>1re\u202fann\u00e9e<\/td>\n<td>250\u202f$<\/td>\n<\/tr>\n<tr>\n<td>2e\u202fann\u00e9e<\/td>\n<td>250\u202f$<\/td>\n<\/tr>\n<tr>\n<td>3e\u202fann\u00e9e<\/td>\n<td>350\u202f$<\/td>\n<\/tr>\n<tr>\n<td>4e\u202fann\u00e9e et +<\/td>\n<td>400\u202f$<\/td>\n<\/tr>\n<\/table>\n<p>&nbsp;<\/p>\n<ol>\n<li>Clubs membres associ\u00e9s\u00a0<\/li>\n<\/ol>\n<p>a. Cotisation de 100\u202f$ pour CKC + cotisation de 10\u202f$ comme club membre associ\u00e9 de la DCV<\/p>\n<\/p><\/div>\n<\/p><\/div>\n<\/p><\/div>\n<div>\n<p>                        Frais de Vitesse                    <\/p>\n<div>\n<div>\n<table>\n<tr>\n<td>Groupe d\u2019\u00e2ge (comp\u00e9tition de vitesse)<\/td>\n<td>Frais CKC 2026 par participant<\/td>\n<\/tr>\n<tr>\n<td>U10, U12<\/td>\n<td>7.00$<\/td>\n<\/tr>\n<tr>\n<td>U14<\/td>\n<td>14.00$<\/td>\n<\/tr>\n<tr>\n<td>U16, U18, Jr\/Sr, ma\u00eetre, paracano\u00eb<\/td>\n<td>41.50$<\/td>\n<\/tr>\n<tr>\n<td>Canotage pour tous \/ PaddleAll<\/td>\n<td>7.00$<\/td>\n<\/tr>\n<\/table>\n<p>&nbsp;<\/p>\n<\/p><\/div>\n<\/p><\/div>\n<\/p><\/div>\n<div>\n<p>                        Frais d&rsquo;inscription aux \u00e9v\u00e9nements de vitesse                    <\/p>\n<div>\n<div>\n<h3>Frais d\u2019inscription aux championnats nationaux de vitesse<\/h3>\n<table>\n<tr>\n<td><\/td>\n<td>Frais CKC 2026 par entr\u00e9e<\/td>\n<\/tr>\n<tr>\n<td>K1, C1, Va\u2019a<\/td>\n<td>32.50$ \/ par entr\u00e9e<\/td>\n<\/tr>\n<tr>\n<td>K2, C2<\/td>\n<td>65$ \/ par entr\u00e9e<\/td>\n<\/tr>\n<tr>\n<td>K4, C4<\/td>\n<td>110$ \/ par entr\u00e9e<\/td>\n<\/tr>\n<tr>\n<td>C-15<\/td>\n<td>140$ \/ par entr\u00e9e<\/td>\n<\/tr>\n<\/table>\n<p>&nbsp;<\/p>\n<table>\n<tr>\n<td><\/td>\n<td><\/td>\n<\/tr>\n<tr>\n<td>FRAIS DE PARTICIPATION<\/td>\n<td>Frais CKC 2026 (par participant)<\/td>\n<\/tr>\n<tr>\n<td>S\u00e9curit\u00e9 et s\u00fbret\u00e9 du HOC<\/td>\n<td>13$ \/ participant<\/td>\n<\/tr>\n<tr>\n<td>Frais de participation au CKC<\/td>\n<td>25$ \/ participant<\/td>\n<\/tr>\n<\/table>\n<p>&nbsp;<\/p>\n<h3>Frais d\u2019inscription au Canmas<\/h3>\n<table>\n<tr>\n<td><\/td>\n<td>Frais CKC 2026 par participant<\/td>\n<\/tr>\n<tr>\n<td>Par Participant<\/td>\n<td>70$<\/td>\n<\/tr>\n<tr>\n<td>Frais de s\u00fbret\u00e9 et de s\u00e9curit\u00e9 \u00a0(par personne)<\/td>\n<td>\u00a013$<\/td>\n<\/tr>\n<tr>\n<td>Par Event (Non compris le C-15)<\/td>\n<td>12$<\/td>\n<\/tr>\n<tr>\n<td>TOTAL par participant<\/td>\n<td>83$ + (# \u00e9v\u00e9nements X $12)<\/td>\n<\/tr>\n<tr>\n<td>Frais C15 * factur\u00e9s uniquement au club<\/td>\n<td>110$ par entr\u00e9e<\/td>\n<\/tr>\n<\/table><\/div>\n<\/p><\/div>\n<\/p><\/div>\n<div>\n<p>                        \u00c9quipe Rouge                    <\/p>\n<div>\n<div>\n<p>ENTRA\u00ceNEMENT<\/p>\n<ul>\n<li>Recommandations pour les kilom\u00e8tres de sprint (U9 \u00e0 21+) &#8211; anglais seulement<\/li>\n<li>Zones d&#8217;entra\u00eenement et rep\u00e8res\/exemples de s\u00e9ances &#8211; anglais seulement<\/li>\n<li>Programme d&#8217;entra\u00eenement de vitesse U16 2025-2026<\/li>\n<li>Programme d&#8217;entra\u00eenement de vitesse U18 et U21 2025-2026<\/li>\n<\/ul>\n<p>OUTILS<\/p>\n<ul>\n<li>Profil de course et outil SD (Draft Race Profile) &#8211; anglais seulement<\/li>\n<li>Mod\u00e8le d&#8217;analyse des \u00e9carts de vitesse U18\/U21 &#8211; anglais seulement<\/li>\n<li>Outil d&#8217;\u00e9valuation technique et tactique &#8211; anglais seulement<\/li>\n<\/ul>\n<p>TESTS<\/p>\n<ul>\n<li>Tests de vitesse U14\/U18\/SR &#8211; anglais seulement<\/li>\n<li>Protocoles de tests de vitesse U18\/U21 &#8211; anglais seulement<\/li>\n<li>Manuel des entra\u00eeneurs Base 7<\/li>\n<\/ul><\/div>\n<\/p><\/div>\n<\/p><\/div>\n<\/p><\/div>\n<\/p><\/div>\n<\/div>\n<p><!--\/section--><\/p>\n<div>\n<div>\n<h2>Eau Vives<\/h2>\n<div>\n<div>\n<p>                        Ressources                    <\/p>\n<div>\n<div>\n                                                    <\/div>\n<\/p><\/div>\n<\/p><\/div>\n<\/p><\/div>\n<\/p><\/div>\n<\/div>\n<p><!--\/section--><\/p>\n","protected":false},"excerpt":{"rendered":"<p>Ressources des Clubs G\u00e9n\u00e9ral Ressources de la base RAMP CKC Ressources Instructions de Ramp mises \u00e0 jour pour les clubs&#8230;<\/p>\n","protected":false},"author":4,"featured_media":0,"parent":0,"menu_order":0,"comment_status":"closed","ping_status":"closed","template":"","meta":{"_acf_changed":false,"footnotes":""},"class_list":["post-3967","page","type-page","status-publish","hentry"],"acf":[],"_links":{"self":[{"href":"https:\/\/canoekayak.ca\/fr\/wp-json\/wp\/v2\/pages\/3967","targetHints":{"allow":["GET"]}}],"collection":[{"href":"https:\/\/canoekayak.ca\/fr\/wp-json\/wp\/v2\/pages"}],"about":[{"href":"https:\/\/canoekayak.ca\/fr\/wp-json\/wp\/v2\/types\/page"}],"author":[{"embeddable":true,"href":"https:\/\/canoekayak.ca\/fr\/wp-json\/wp\/v2\/users\/4"}],"replies":[{"embeddable":true,"href":"https:\/\/canoekayak.ca\/fr\/wp-json\/wp\/v2\/comments?post=3967"}],"version-history":[{"count":0,"href":"https:\/\/canoekayak.ca\/fr\/wp-json\/wp\/v2\/pages\/3967\/revisions"}],"wp:attachment":[{"href":"https:\/\/canoekayak.ca\/fr\/wp-json\/wp\/v2\/media?parent=3967"}],"curies":[{"name":"wp","href":"https:\/\/api.w.org\/{rel}","templated":true}]}}