{"id":4865,"date":"2025-11-28T17:25:19","date_gmt":"2025-11-28T22:25:19","guid":{"rendered":"https:\/\/canoekayak.ca\/we-paddle-month-2\/"},"modified":"2026-04-15T19:12:38","modified_gmt":"2026-04-15T23:12:38","slug":"wepaddle-month","status":"publish","type":"page","link":"https:\/\/canoekayak.ca\/fr\/wepaddle-month\/","title":{"rendered":"Mois Nous Pagayons"},"content":{"rendered":"<div>\n<div>\n<h1>Mois Nous Pagayons<\/h1>\n<\/p><\/div>\n<p><!--\/seciton-wrap--><\/p>\n<div><\/div>\n<div><\/div>\n<\/div>\n<p><!--\/section--><\/p>\n<div>\n<div>\n<div><\/div>\n<div>\n<h3>Mois Nous Pagayons : C\u00e9l\u00e9brons la pagaie partout au Canada<\/h3>\n<p>Nous sommes ravis d\u2019annoncer le retour du Mois Nous Pagayons en juin prochain \u2013 une c\u00e9l\u00e9bration annuelle canadienne de la pagaie, fi\u00e8rement pr\u00e9sent\u00e9e en partenariat avec Canoe Kayak Canada et Paddle Canada!<\/p>\n<p>Cette ann\u00e9e, nous sommes fiers d\u2019accueillir Paddle Canada comme copr\u00e9sentateur du Mois Nous Pagayons, unissant ainsi les communaut\u00e9s de pagayeurs de partout au Canada pour une c\u00e9l\u00e9bration commune.<\/p>\n<p>Fort du succ\u00e8s de l\u2019an dernier, cet \u00e9v\u00e9nement d\u2019un mois met en lumi\u00e8re la diversit\u00e9 de la pagaie, des activit\u00e9s r\u00e9cr\u00e9atives aux comp\u00e9titions, tout en c\u00e9l\u00e9brant les profondes racines culturelles de ce sport, notamment son importance au sein des communaut\u00e9s autochtones. Par le biais d\u2019\u00e9v\u00e9nements, de r\u00e9cits et de programmes communautaires, le Mois Nous Pagayons encourage un plus grand nombre de personnes \u00e0 renouer avec la nature, \u00e0 adopter un mode de vie actif et \u00e0 d\u00e9couvrir les joies de la pagaie.<\/p>\n<p>Nous invitons tout le monde \u2013 membre d\u2019un club ou non \u2013 \u00e0 participer et \u00e0 c\u00e9l\u00e9brer les joies de la pagaie en juin!<\/p>\n<\/div><\/div>\n<\/div>\n<p><!--\/section--><\/p>\n<div>\n<div>\n<div>\n<div>\n<p>                        Qu&rsquo;est-ce que le mois Nous Pagayons ?                    <\/p>\n<div>\n<div>\n<p>Le Mois Nous Pagayons est une c\u00e9l\u00e9bration annuelle visant \u00e0 promouvoir et \u00e0 d\u00e9velopper la pratique du cano\u00eb-kayak partout au Canada. Cette initiative a pour objectif de rendre le cano\u00eb-kayak plus accessible et inclusif, en encourageant les personnes de tous horizons \u00e0 essayer ce sport, que ce soit pour le loisir ou la comp\u00e9tition. Durant ce mois de festivit\u00e9s, nous esp\u00e9rons inspirer les gens \u00e0 profiter du plein air, \u00e0 admirer les magnifiques paysages du Canada et \u00e0 adopter un mode de vie sain et actif. Le Mois Nous Pagayons rend \u00e9galement hommage \u00e0 l\u2019histoire profond\u00e9ment ancr\u00e9e du cano\u00eb-kayak dans la culture canadienne et autochtone, tout en favorisant l\u2019engagement communautaire par l\u2019entremise de clubs et d\u2019organismes. En partageant des exp\u00e9riences, en promouvant des \u00e9v\u00e9nements et en encourageant la participation, nous visons \u00e0 faire du cano\u00eb-kayak un sport plus reconnu et appr\u00e9ci\u00e9 de tous les Canadiens.<\/p>\n<\/p><\/div>\n<\/p><\/div>\n<\/p><\/div>\n<div>\n<p>                        Comment participer                    <\/p>\n<div>\n<div>\n<ul>\n<li>Partagez vos photos de pagaie\u00a0: Que vous soyez un pagayeur chevronn\u00e9 ou un d\u00e9butant, nous encourageons tous les Canadiens et Canadiennes \u00e0 partager leurs exp\u00e9riences de pagaie sur les m\u00e9dias sociaux. Identifiez CKC (les identifiants se trouvent dans la section Ressources ci-dessous) et utilisez des mots-clics comme #NousPagayons, #MoisNous Pagayons,\u00a0 et #PaddlesUp pour vous joindre \u00e0 la c\u00e9l\u00e9bration.<\/li>\n<li>Participation apr\u00e8s l\u2019\u00e9v\u00e9nement\u00a0: Apr\u00e8s vos aventures en pagaie, aidez-nous \u00e0 suivre la participation en indiquant le nombre de personnes qui ont particip\u00e9 aux \u00e9v\u00e9nements de votre club ou organisation. Cela nous permet de renforcer la communaut\u00e9 autour de ce sport et de recueillir des commentaires pour les \u00e9v\u00e9nements de l\u2019an prochain.<\/li>\n<li>Soutien aux clubs et organisations\u00a0: Nous invitons les clubs \u00e0 consid\u00e9rer le Mois Nous Pagayons lors de la planification de leurs \u00e9v\u00e9nements et activit\u00e9s, cette ann\u00e9e et pour les ann\u00e9es \u00e0 venir. CKC publiera leurs \u00e9v\u00e9nements sur son site Web et les promouvra par l\u2019entremise de son infolettre et des m\u00e9dias sociaux durant le mois de juin. Veuillez remplir un formulaire d\u2019inscription afin que nous puissions encourager la communaut\u00e9 \u00e0 participer \u00e0 vos \u00e9v\u00e9nements!<\/li>\n<\/ul><\/div>\n<\/p><\/div>\n<\/p><\/div>\n<div>\n<p>                        L&rsquo;objectif                    <\/p>\n<div>\n<div>\n<ol>\n<li>Communaut\u00e9 et croissance : Nous souhaitons \u00e9tendre la port\u00e9e de ce sport et faire d\u00e9couvrir le cano\u00eb-kayak au grand public. Notre objectif est d&#8217;encourager davantage de personnes \u00e0 s&#8217;y essayer, que ce soit pour la premi\u00e8re fois ou apr\u00e8s une pause. Nous voulons \u00e9galement mobiliser les clubs et les organisations de partout au pays afin de d\u00e9velopper la communaut\u00e9.<\/li>\n<li>Promotion : Nous voulons que le Mois Nous Pagayons devienne une c\u00e9l\u00e9bration annuelle incontournable. En faisant conna\u00eetre le sport par les m\u00e9dias sociaux et en organisant des \u00e9v\u00e9nements, nous pouvons en faire un moment fort du calendrier et inciter les gens \u00e0 profiter du plein air et \u00e0 pagayer.<\/li>\n<li>Inclusion, diversit\u00e9, \u00e9quit\u00e9 et accessibilit\u00e9 (IDEA) : Il est essentiel que le cano\u00eb-kayak devienne plus inclusif. Nous nous engageons \u00e0 rendre ce sport plus accessible \u00e0 tous les Canadiens, quels que soient leurs origines, leurs capacit\u00e9s ou leur exp\u00e9rience. Nous souhaitons mettre en valeur le cano\u00eb-kayak comme une activit\u00e9 \u00e0 la fois r\u00e9cr\u00e9ative et comp\u00e9titive, et accueillir les participants de tous \u00e2ges et de tous niveaux.<\/li>\n<li>Sant\u00e9 et bien-\u00eatre : Le cano\u00eb-kayak est une excellente fa\u00e7on de profiter du plein air et de rester actif. En encourageant la pratique des sports nautiques, nous favorisons des modes de vie plus sains et plus actifs, ainsi qu\u2019une meilleure appr\u00e9ciation de la beaut\u00e9 naturelle du Canada.<\/li>\n<li>Histoire et culture canadienne\u00a0: Le cano\u00eb-kayak est profond\u00e9ment ancr\u00e9 dans l\u2019histoire du Canada et les cultures autochtones. Nous tenons \u00e0 honorer et \u00e0 c\u00e9l\u00e9brer ce patrimoine, reconnaissant que ce sport fait non seulement partie de notre pass\u00e9, mais qu\u2019il continue de jouer un r\u00f4le important dans la construction de notre pr\u00e9sent et de notre avenir.<\/li>\n<\/ol><\/div>\n<\/p><\/div>\n<\/p><\/div>\n<div>\n<p>                        Resources                    <\/p>\n<div>\n<div>\n<ul>\n<li>Formulaire d&#8217;inscription<\/li>\n<li>Logo Nous Pagayons<\/li>\n<li>Mots-cl\u00e9s : #NousPagayons #MoisNousPagayons\u00a0 #PaddlesUp<\/li>\n<li>R\u00e9seaux sociaux de CKC (veuillez nous identifier sur vos photos et publications du mois de juin)\n<ul>\n<li>Facebook \u2013\u00a0@CanoeKayakCanada<\/li>\n<li>Instagram \u2013\u00a0@canoekayakcan<\/li>\n<li>Twitter\/X \u2013\u00a0@CanoeKayakCAN<\/li>\n<\/ul>\n<\/li>\n<\/ul><\/div>\n<\/p><\/div>\n<\/p><\/div>\n<\/p><\/div>\n<\/p><\/div>\n<\/div>\n<p><!--\/section--><\/p>\n<div>\n<div>\n<div><\/div>\n<div>\n<h3>\u00c9v\u00e9nements de Nous Pagayons<\/h3>\n<p>Vous trouverez ci-dessous la liste des \u00e9v\u00e9nements, class\u00e9s par province et territoire.<\/p>\n<p>Pour d&#8217;autres \u00e9v\u00e9nements de cano\u00eb-kayak au Canada, consultez la page des \u00e9v\u00e9nements de Paddle Canada.<\/p>\n<p>\u00c0 l&#8217;eau\u00a0!<\/p>\n<\/div><\/div>\n<\/div>\n<p><!--\/section--><\/p>\n<div>\n<div>\n<div>\n<div>\n<p>                        Alberta                    <\/p>\n<div>\n<div>\n                                                    <\/div>\n<\/p><\/div>\n<\/p><\/div>\n<div>\n<p>                        Colombie-Britannique                    <\/p>\n<div>\n<div>\n                                                    <\/div>\n<\/p><\/div>\n<\/p><\/div>\n<div>\n<p>                        Manitoba                    <\/p>\n<div>\n<div>\n                                                    <\/div>\n<\/p><\/div>\n<\/p><\/div>\n<div>\n<p>                        Nouveau-Brunswick                    <\/p>\n<div>\n<div>\n                                                    <\/div>\n<\/p><\/div>\n<\/p><\/div>\n<div>\n<p>                        Terre-Neuve                    <\/p>\n<div>\n<div>\n                                                    <\/div>\n<\/p><\/div>\n<\/p><\/div>\n<div>\n<p>                        Territoires du Nord-Ouest                    <\/p>\n<div>\n<div>\n                                                    <\/div>\n<\/p><\/div>\n<\/p><\/div>\n<div>\n<p>                        Nouvelle-\u00c9cosse                    <\/p>\n<div>\n<div>\n                                                    <\/div>\n<\/p><\/div>\n<\/p><\/div>\n<div>\n<p>                        Nunavut                    <\/p>\n<div>\n<div>\n                                                    <\/div>\n<\/p><\/div>\n<\/p><\/div>\n<div>\n<p>                        Ontario                    <\/p>\n<div>\n<div>\n                                                    <\/div>\n<\/p><\/div>\n<\/p><\/div>\n<div>\n<p>                        \u00cele-du-Prince-\u00c9douard                    <\/p>\n<div>\n<div>\n                                                    <\/div>\n<\/p><\/div>\n<\/p><\/div>\n<div>\n<p>                        Qu\u00e9bec                    <\/p>\n<div>\n<div>\n                                                    <\/div>\n<\/p><\/div>\n<\/p><\/div>\n<div>\n<p>                        Saskatchewan                    <\/p>\n<div>\n<div>\n                                                    <\/div>\n<\/p><\/div>\n<\/p><\/div>\n<div>\n<p>                        Yukon                    <\/p>\n<div>\n<div>\n                                                    <\/div>\n<\/p><\/div>\n<\/p><\/div>\n<\/p><\/div>\n<\/p><\/div>\n<\/div>\n<p><!--\/section--><\/p>\n","protected":false},"excerpt":{"rendered":"<p>Mois Nous Pagayons Mois Nous Pagayons : C\u00e9l\u00e9brons la pagaie partout au Canada Nous sommes ravis d\u2019annoncer le retour du&#8230;<\/p>\n","protected":false},"author":4,"featured_media":0,"parent":0,"menu_order":0,"comment_status":"closed","ping_status":"closed","template":"","meta":{"_acf_changed":false,"footnotes":""},"class_list":["post-4865","page","type-page","status-publish","hentry"],"acf":[],"_links":{"self":[{"href":"https:\/\/canoekayak.ca\/fr\/wp-json\/wp\/v2\/pages\/4865","targetHints":{"allow":["GET"]}}],"collection":[{"href":"https:\/\/canoekayak.ca\/fr\/wp-json\/wp\/v2\/pages"}],"about":[{"href":"https:\/\/canoekayak.ca\/fr\/wp-json\/wp\/v2\/types\/page"}],"author":[{"embeddable":true,"href":"https:\/\/canoekayak.ca\/fr\/wp-json\/wp\/v2\/users\/4"}],"replies":[{"embeddable":true,"href":"https:\/\/canoekayak.ca\/fr\/wp-json\/wp\/v2\/comments?post=4865"}],"version-history":[{"count":0,"href":"https:\/\/canoekayak.ca\/fr\/wp-json\/wp\/v2\/pages\/4865\/revisions"}],"wp:attachment":[{"href":"https:\/\/canoekayak.ca\/fr\/wp-json\/wp\/v2\/media?parent=4865"}],"curies":[{"name":"wp","href":"https:\/\/api.w.org\/{rel}","templated":true}]}}